{"id":12224,"date":"2023-05-11T10:01:59","date_gmt":"2023-05-11T08:01:59","guid":{"rendered":"https:\/\/uni-forma.hr\/?post_type=product&#038;p=12224"},"modified":"2024-09-12T11:26:36","modified_gmt":"2024-09-12T09:26:36","slug":"zastitna-niska-cipela-portwest-compositelite-trekker-s1","status":"publish","type":"product","link":"https:\/\/uni-forma.hr\/en\/product\/zastitna-niska-cipela-portwest-compositelite-trekker-s1\/","title":{"rendered":"Portwest Compositelite Trekker S1 safety shoe"},"content":{"rendered":"<h3 class=\"text-left\">Characteristics<\/h3>\n<ul>\n<li>3D breathable mesh lining<\/li>\n<li>100% without metal<\/li>\n<li>Pull tab at the back for easier foot entry<\/li>\n<li>Suede and textile upper<\/li>\n<li>Padded ankle area for added comfort<\/li>\n<li>Composite protective cap for additional protection<\/li>\n<li>CE certified<\/li>\n<li>UKCA mark<\/li>\n<li>Antistatic footwear<\/li>\n<li>Absorbs energy in the heel area<\/li>\n<li>Slip-resistant sole prevents slipping and tripping on ceramic and steel surfaces<\/li>\n<li>Oil and fuel resistant sole<\/li>\n<li>Double sole<\/li>\n<li>Crafted from cowhide suede for an appealing stylish finish<\/li>\n<\/ul>\n<h3 class=\"text-left\">Materials<\/h3>\n<p><strong>Top:<\/strong>\u00a0Brushed leather<br \/>\n<strong>Sole:<\/strong>\u00a0PU\/PU<\/p>\n<h3 class=\"text-left\">Standards<\/h3>\n<ul>\n<li>EN ISO 20345:2011 S1<\/li>\n<li>ASTM F2413-18<\/li>\n<\/ul>","protected":false},"excerpt":{"rendered":"<p>Karakteristike 3D prozra\u010dna mre\u017easta podstava 100% bez metala Stra\u017enji jezi\u010dak za povla\u010denje radi lak\u0161eg ulaska stopala Gornji dio od antilopa<\/p>","protected":false},"featured_media":12238,"comment_status":"open","ping_status":"closed","template":"","meta":[],"product_brand":[],"product_cat":[109,110,21],"product_tag":[],"class_list":{"0":"post-12224","1":"product","2":"type-product","3":"status-publish","4":"has-post-thumbnail","6":"product_cat-obuca-zastitna","7":"product_cat-radne-cipele","8":"product_cat-zastitna-odjeca-obuca-oprema","10":"first","11":"instock","12":"taxable","13":"shipping-taxable","14":"purchasable","15":"product-type-variable"},"aioseo_notices":[],"_links":{"self":[{"href":"https:\/\/uni-forma.hr\/en\/wp-json\/wp\/v2\/product\/12224","targetHints":{"allow":["GET"]}}],"collection":[{"href":"https:\/\/uni-forma.hr\/en\/wp-json\/wp\/v2\/product"}],"about":[{"href":"https:\/\/uni-forma.hr\/en\/wp-json\/wp\/v2\/types\/product"}],"replies":[{"embeddable":true,"href":"https:\/\/uni-forma.hr\/en\/wp-json\/wp\/v2\/comments?post=12224"}],"version-history":[{"count":0,"href":"https:\/\/uni-forma.hr\/en\/wp-json\/wp\/v2\/product\/12224\/revisions"}],"wp:featuredmedia":[{"embeddable":true,"href":"https:\/\/uni-forma.hr\/en\/wp-json\/wp\/v2\/media\/12238"}],"wp:attachment":[{"href":"https:\/\/uni-forma.hr\/en\/wp-json\/wp\/v2\/media?parent=12224"}],"wp:term":[{"taxonomy":"product_brand","embeddable":true,"href":"https:\/\/uni-forma.hr\/en\/wp-json\/wp\/v2\/product_brand?post=12224"},{"taxonomy":"product_cat","embeddable":true,"href":"https:\/\/uni-forma.hr\/en\/wp-json\/wp\/v2\/product_cat?post=12224"},{"taxonomy":"product_tag","embeddable":true,"href":"https:\/\/uni-forma.hr\/en\/wp-json\/wp\/v2\/product_tag?post=12224"}],"curies":[{"name":"wp","href":"https:\/\/api.w.org\/{rel}","templated":true}]}}