{"id":13364,"date":"2023-05-17T09:32:44","date_gmt":"2023-05-17T07:32:44","guid":{"rendered":"https:\/\/uni-forma.hr\/?post_type=product&#038;p=13364"},"modified":"2023-06-29T12:14:36","modified_gmt":"2023-06-29T10:14:36","slug":"rukavica-mr-cut-pu-palm","status":"publish","type":"product","link":"https:\/\/uni-forma.hr\/en\/product\/rukavica-mr-cut-pu-palm\/","title":{"rendered":"MR Cut PU Palm Glove"},"content":{"rendered":"<h3 class=\"text-left\">Characteristics<\/h3>\n<ul>\n<li>Contradiction level C<\/li>\n<li>13gauge lining for a perfect fit<\/li>\n<li>Smooth PU coating for greater abrasion resistance<\/li>\n<li>Dip palm for increased dexterity and ventilation<\/li>\n<li>Protection against contact heat up to 100\u00b0C<\/li>\n<li>Anti-cut protection for medium risk<\/li>\n<li>Breathable seamless lining<\/li>\n<li>CE certified<\/li>\n<li>Retail packaging for easier display in a retail establishment.<\/li>\n<li>ANSI cut resistance level A4<\/li>\n<li>High resistance to abrasion and tearing<\/li>\n<\/ul>\n<h3 class=\"text-left\">Materials<\/h3>\n<p>Elastane, Glass fiber, PU<\/p>\n<h3 class=\"text-left\">Standards<\/h3>\n<ul>\n<li>EN ISO 21420 Dexterity 5<\/li>\n<li>EN 388 : 2016 + A1: 2018 4X43C<\/li>\n<li>EN 407 X1XXXX<\/li>\n<li>ANSI\/ISEA 105: 2016 Cutting level A3<\/li>\n<li>ANSI\/ISEA 105: 2016 Abrasion Level 4<\/li>\n<\/ul>","protected":false},"excerpt":{"rendered":"<p>Karakteristike Protureznost razina C Podstava 13gauge za savr\u0161eno prianjanje Glatki PU premaz za ve\u0107u otpornost na abraziju Umo\u010den dlan za<\/p>","protected":false},"featured_media":13372,"comment_status":"open","ping_status":"closed","template":"","meta":[],"product_brand":[],"product_cat":[118,116,21],"product_tag":[],"class_list":{"0":"post-13364","1":"product","2":"type-product","3":"status-publish","4":"has-post-thumbnail","6":"product_cat-proturezne-rukavice","7":"product_cat-rukavice","8":"product_cat-zastitna-odjeca-obuca-oprema","10":"first","11":"instock","12":"taxable","13":"shipping-taxable","14":"product-type-variable"},"aioseo_notices":[],"_links":{"self":[{"href":"https:\/\/uni-forma.hr\/en\/wp-json\/wp\/v2\/product\/13364","targetHints":{"allow":["GET"]}}],"collection":[{"href":"https:\/\/uni-forma.hr\/en\/wp-json\/wp\/v2\/product"}],"about":[{"href":"https:\/\/uni-forma.hr\/en\/wp-json\/wp\/v2\/types\/product"}],"replies":[{"embeddable":true,"href":"https:\/\/uni-forma.hr\/en\/wp-json\/wp\/v2\/comments?post=13364"}],"version-history":[{"count":0,"href":"https:\/\/uni-forma.hr\/en\/wp-json\/wp\/v2\/product\/13364\/revisions"}],"wp:featuredmedia":[{"embeddable":true,"href":"https:\/\/uni-forma.hr\/en\/wp-json\/wp\/v2\/media\/13372"}],"wp:attachment":[{"href":"https:\/\/uni-forma.hr\/en\/wp-json\/wp\/v2\/media?parent=13364"}],"wp:term":[{"taxonomy":"product_brand","embeddable":true,"href":"https:\/\/uni-forma.hr\/en\/wp-json\/wp\/v2\/product_brand?post=13364"},{"taxonomy":"product_cat","embeddable":true,"href":"https:\/\/uni-forma.hr\/en\/wp-json\/wp\/v2\/product_cat?post=13364"},{"taxonomy":"product_tag","embeddable":true,"href":"https:\/\/uni-forma.hr\/en\/wp-json\/wp\/v2\/product_tag?post=13364"}],"curies":[{"name":"wp","href":"https:\/\/api.w.org\/{rel}","templated":true}]}}