{"id":14714,"date":"2023-05-25T08:27:52","date_gmt":"2023-05-25T06:27:52","guid":{"rendered":"https:\/\/uni-forma.hr\/?post_type=product&#038;p=14714"},"modified":"2023-06-29T09:46:40","modified_gmt":"2023-06-29T07:46:40","slug":"jakna-hi-vis-modaflame","status":"publish","type":"product","link":"https:\/\/uni-forma.hr\/en\/product\/jakna-hi-vis-modaflame\/","title":{"rendered":"Hi-Vis Modaflame jacket"},"content":{"rendered":"<h3 class=\"text-left\">Karakteristike<\/h3>\n<ul>\n<li>Svojstvene vatrootporne osobine se ne\u0107e smanjiti<\/li>\n<li>Za\u0161tita od zra\u010denja, konvekcijske i kontaktne topline<\/li>\n<li>Bo\u010dni d\u017eepovi<\/li>\n<li>Skriveno prednje kop\u010danje, patent zatvara\u010d i pritisna dugmad<\/li>\n<li>Dugotrajan, \u010dvrst i izdr\u017eljiv mesingani patent zatvara\u010d<\/li>\n<li>Podesive man\u017eete \u010di\u010dak trakom, za sigurnije pristajanje<\/li>\n<li>4 d\u017eepa za dovoljno prostora za pohranu<\/li>\n<li>Om\u010da za radio za jednostavno povezivanje s radiom<\/li>\n<li>Na\u0161ivena vatrootporna traka za industrijsko pranje<\/li>\n<li>UPF 40+ rangirana tkanina blokira 98% UV zraka<\/li>\n<li>Unutarnji d\u017eep za mobitel<\/li>\n<li>CE certificirano<\/li>\n<li>Traka s bio motion uzorkom, za lak\u0161e prepoznavanja ljudskog obli\u010dja na udaljenosti<\/li>\n<li>CE-CAT III<\/li>\n<li>UKCA oznaka<\/li>\n<\/ul>\n<div class=\"std_titles\">Vanjski materijal : Modaflame: 60% modakril, 39% pamuk, 1% uglji\u010dna vlakna 280g<\/div>\n<div>\n<h3 class=\"text-left\">Standardi<\/h3>\n<ul>\n<li>EN ISO 11612 A1+A2, B2, C1, F1<\/li>\n<li>EN ISO 11611 Klasa 1 A1+A2<\/li>\n<li>EN 1149 -5<\/li>\n<li>IEC 61482-2 IEC 61482-1-1 Elim 6.4 CAL\/CM\u00b2<\/li>\n<li>IEC 61482-2 IEC 61482-1-2 APC 1<\/li>\n<li>EN 13034 Tip PB [6]<\/li>\n<li>EN ISO 20471 Klasa 2<\/li>\n<li>ASTM F1959\/F1959M-12 ATPV=8.4 Cal\/CM<sup>2<\/sup> (HAF=75.8%)<\/li>\n<\/ul>\n<h3 class=\"text-left\">Odr\u017eavanje prilikom pranja<\/h3>\n<div><img decoding=\"async\" title=\" Max. temperatura pranja 60\u00b0C, blagi postupak \" src=\"https:\/\/d11ak7fd9ypfb7.cloudfront.net\/Media\/Icons\/wash-care\/WCI05.png\" width=\"35px\" \/><img decoding=\"async\" title=\" Ne izbjeljivati \" src=\"https:\/\/d11ak7fd9ypfb7.cloudfront.net\/Media\/Icons\/wash-care\/WCI21.png\" width=\"35px\" \/><img decoding=\"async\" title=\" Standardno su\u0161enje u su\u0161ilici \" src=\"https:\/\/d11ak7fd9ypfb7.cloudfront.net\/Media\/Icons\/wash-care\/WCI30.png\" width=\"35px\" \/><img decoding=\"async\" title=\" Max. temperatura gla\u010dnja 150\u00b0C \" src=\"https:\/\/d11ak7fd9ypfb7.cloudfront.net\/Media\/Icons\/wash-care\/WCI51.png\" width=\"35px\" \/><img decoding=\"async\" title=\" Ne \u010distiti kemiski \" src=\"https:\/\/d11ak7fd9ypfb7.cloudfront.net\/Media\/Icons\/wash-care\/WCI61.png\" width=\"35px\" \/><img decoding=\"async\" title=\" Max. 25 pranja \" src=\"https:\/\/d11ak7fd9ypfb7.cloudfront.net\/Media\/Icons\/wash-care\/WCI72.png\" width=\"35px\" \/><\/div>\n<p>&nbsp;<\/p>\n<\/div>\n","protected":false},"excerpt":{"rendered":"<p class=\"text-justify\">Modacrylic fabric in 2 tones with reflective stripes provides good user visibility and full protection in dangerous situations. The comprehensive design complements the strict requirements for protection against electric arc shock.<\/p>","protected":false},"featured_media":14715,"comment_status":"open","ping_status":"closed","template":"","meta":[],"product_brand":[],"product_cat":[97,104,21],"product_tag":[],"class_list":{"0":"post-14714","1":"product","2":"type-product","3":"status-publish","4":"has-post-thumbnail","6":"product_cat-odjeca-zastitna","7":"product_cat-vatrootporno","8":"product_cat-zastitna-odjeca-obuca-oprema","10":"first","11":"instock","12":"taxable","13":"shipping-taxable","14":"purchasable","15":"product-type-variable"},"aioseo_notices":[],"_links":{"self":[{"href":"https:\/\/uni-forma.hr\/en\/wp-json\/wp\/v2\/product\/14714","targetHints":{"allow":["GET"]}}],"collection":[{"href":"https:\/\/uni-forma.hr\/en\/wp-json\/wp\/v2\/product"}],"about":[{"href":"https:\/\/uni-forma.hr\/en\/wp-json\/wp\/v2\/types\/product"}],"replies":[{"embeddable":true,"href":"https:\/\/uni-forma.hr\/en\/wp-json\/wp\/v2\/comments?post=14714"}],"version-history":[{"count":0,"href":"https:\/\/uni-forma.hr\/en\/wp-json\/wp\/v2\/product\/14714\/revisions"}],"wp:featuredmedia":[{"embeddable":true,"href":"https:\/\/uni-forma.hr\/en\/wp-json\/wp\/v2\/media\/14715"}],"wp:attachment":[{"href":"https:\/\/uni-forma.hr\/en\/wp-json\/wp\/v2\/media?parent=14714"}],"wp:term":[{"taxonomy":"product_brand","embeddable":true,"href":"https:\/\/uni-forma.hr\/en\/wp-json\/wp\/v2\/product_brand?post=14714"},{"taxonomy":"product_cat","embeddable":true,"href":"https:\/\/uni-forma.hr\/en\/wp-json\/wp\/v2\/product_cat?post=14714"},{"taxonomy":"product_tag","embeddable":true,"href":"https:\/\/uni-forma.hr\/en\/wp-json\/wp\/v2\/product_tag?post=14714"}],"curies":[{"name":"wp","href":"https:\/\/api.w.org\/{rel}","templated":true}]}}