{"id":14893,"date":"2023-05-25T09:42:13","date_gmt":"2023-05-25T07:42:13","guid":{"rendered":"https:\/\/uni-forma.hr\/?post_type=product&#038;p=14893"},"modified":"2023-06-29T09:50:34","modified_gmt":"2023-06-29T07:50:34","slug":"hlace-bizflame-pro","status":"publish","type":"product","link":"https:\/\/uni-forma.hr\/en\/product\/hlace-bizflame-pro\/","title":{"rendered":"Bizflame Pro pants"},"content":{"rendered":"<h3 class=\"text-left\">Characteristics<\/h3>\n<ul>\n<li>Protection against radiation, convection and contact heat<\/li>\n<li>Resistant to splashing of molten metal<\/li>\n<li>Tape measure pocket<\/li>\n<li>Back pocket<\/li>\n<li>Long-lasting, sturdy and durable brass zipper<\/li>\n<li>External marking of the standard for quick identification of the level of protection<\/li>\n<li>Double stitching for added durability<\/li>\n<li>UPF 40+ rated fabric blocks 98% UV rays<\/li>\n<li>Elastic back waist for added adjustment<\/li>\n<li>CE certified<\/li>\n<li>CE-CAT III<\/li>\n<li>4 pockets for ample storage space<\/li>\n<li>UKCA mark<\/li>\n<\/ul>\n<div class=\"std_titles\">Outer fabric: Bizflame Pro: 99% cotton, 1% carbon fiber 330g<\/div>\n<div>\n<h3 class=\"text-left\">Standards<\/h3>\n<ul>\n<li>EN ISO 11612 A1+A2, B1, C1, E3, F1<\/li>\n<li>EN ISO 11611 Class 1 A1+A2<\/li>\n<li>EN 1149 -5<\/li>\n<\/ul>\n<\/div>","protected":false},"excerpt":{"rendered":"<p>Karakteristike Za\u0161tita od zra\u010denja, konvekcijske i kontaktne topline Otporno na prskanje topljenog metala D\u017eep za metar Stra\u017enji d\u017eep Dugotrajan, \u010dvrst<\/p>","protected":false},"featured_media":14894,"comment_status":"open","ping_status":"closed","template":"","meta":[],"product_brand":[],"product_cat":[97,104,21],"product_tag":[],"class_list":{"0":"post-14893","1":"product","2":"type-product","3":"status-publish","4":"has-post-thumbnail","6":"product_cat-odjeca-zastitna","7":"product_cat-vatrootporno","8":"product_cat-zastitna-odjeca-obuca-oprema","10":"first","11":"instock","12":"taxable","13":"shipping-taxable","14":"purchasable","15":"product-type-variable"},"aioseo_notices":[],"_links":{"self":[{"href":"https:\/\/uni-forma.hr\/en\/wp-json\/wp\/v2\/product\/14893","targetHints":{"allow":["GET"]}}],"collection":[{"href":"https:\/\/uni-forma.hr\/en\/wp-json\/wp\/v2\/product"}],"about":[{"href":"https:\/\/uni-forma.hr\/en\/wp-json\/wp\/v2\/types\/product"}],"replies":[{"embeddable":true,"href":"https:\/\/uni-forma.hr\/en\/wp-json\/wp\/v2\/comments?post=14893"}],"version-history":[{"count":0,"href":"https:\/\/uni-forma.hr\/en\/wp-json\/wp\/v2\/product\/14893\/revisions"}],"wp:featuredmedia":[{"embeddable":true,"href":"https:\/\/uni-forma.hr\/en\/wp-json\/wp\/v2\/media\/14894"}],"wp:attachment":[{"href":"https:\/\/uni-forma.hr\/en\/wp-json\/wp\/v2\/media?parent=14893"}],"wp:term":[{"taxonomy":"product_brand","embeddable":true,"href":"https:\/\/uni-forma.hr\/en\/wp-json\/wp\/v2\/product_brand?post=14893"},{"taxonomy":"product_cat","embeddable":true,"href":"https:\/\/uni-forma.hr\/en\/wp-json\/wp\/v2\/product_cat?post=14893"},{"taxonomy":"product_tag","embeddable":true,"href":"https:\/\/uni-forma.hr\/en\/wp-json\/wp\/v2\/product_tag?post=14893"}],"curies":[{"name":"wp","href":"https:\/\/api.w.org\/{rel}","templated":true}]}}