{"id":14984,"date":"2023-05-25T13:50:16","date_gmt":"2023-05-25T11:50:16","guid":{"rendered":"https:\/\/uni-forma.hr\/?post_type=product&#038;p=14984"},"modified":"2024-09-19T15:05:08","modified_gmt":"2024-09-19T13:05:08","slug":"kombinezon-wildland-fire","status":"publish","type":"product","link":"https:\/\/uni-forma.hr\/en\/product\/kombinezon-wildland-fire\/","title":{"rendered":"Wildland Fire jumpsuit"},"content":{"rendered":"<h3 class=\"text-left\">Characteristics<\/h3>\n<ul>\n<li>Protects against radiant heat and convection heat<\/li>\n<li>Yellow\/Silver reflection for better visibility<\/li>\n<li>Radio pocket designed to fit all sizes<\/li>\n<li>Easily accessible pockets<\/li>\n<li>Double-layer reinforced knee protection for strength and durability<\/li>\n<li>Neck protection<\/li>\n<li>Ribbed cuffs for warmth and comfort<\/li>\n<li>Double stitching for added durability<\/li>\n<li>UPF 40+ rated fabric blocks 98% UV rays<\/li>\n<li>3 storage pockets<\/li>\n<li>Sewn premium fire-resistant reflective tape<\/li>\n<li>Two-way zipper for quick and easy access<\/li>\n<li>Radio loop for easy connection to the radio<\/li>\n<li>CE certified<\/li>\n<li>CE-CAT III<\/li>\n<li>UKCA mark<\/li>\n<\/ul>\n<div class=\"std_titles\">Outer fabric: Bizflame Plus: 99% cotton, 1% carbon fiber 280g<\/div>\n<div>\n<h3 class=\"text-left\">Standards<\/h3>\n<ul>\n<li>EN ISO 11612 A1+A2, B1, C1<\/li>\n<li>EN 15614<\/li>\n<li>EN 1149 -5<\/li>\n<\/ul>\n<h3 class=\"text-left\">Maintenance during washing<\/h3>\n<p><img decoding=\"async\" title=\" Max. washing temperature 60\u00b0C, normal procedure \" src=\"https:\/\/d11ak7fd9ypfb7.cloudfront.net\/Media\/Icons\/wash-care\/WCI04.png\" width=\"35px\" \/><img decoding=\"async\" title=\" Do not bleach \" src=\"https:\/\/d11ak7fd9ypfb7.cloudfront.net\/Media\/Icons\/wash-care\/WCI21.png\" width=\"35px\" \/><img decoding=\"async\" title=\" Standard drying in the dryer \" src=\"https:\/\/d11ak7fd9ypfb7.cloudfront.net\/Media\/Icons\/wash-care\/WCI30.png\" width=\"35px\" \/><img decoding=\"async\" title=\" Max. ironing temperature 200\u00b0C \" src=\"https:\/\/d11ak7fd9ypfb7.cloudfront.net\/Media\/Icons\/wash-care\/WCI50.png\" width=\"35px\" \/><img decoding=\"async\" title=\" Do not dry clean \" src=\"https:\/\/d11ak7fd9ypfb7.cloudfront.net\/Media\/Icons\/wash-care\/WCI61.png\" width=\"35px\" \/><img decoding=\"async\" title=\" Max. 5 washes \" src=\"https:\/\/d11ak7fd9ypfb7.cloudfront.net\/Media\/Icons\/wash-care\/WCI74.png\" width=\"35px\" \/><\/p>\n<\/div>","protected":false},"excerpt":{"rendered":"<p>Karakteristike \u0160titi od zra\u010denja topline i konvekcijske topline \u017duti\/Srebrni odsjaj za bolju vidljivost D\u017eep za radio dizajniran kako bi odgovarao<\/p>","protected":false},"featured_media":14985,"comment_status":"open","ping_status":"closed","template":"","meta":[],"product_brand":[],"product_cat":[97,104,21],"product_tag":[],"class_list":{"0":"post-14984","1":"product","2":"type-product","3":"status-publish","4":"has-post-thumbnail","6":"product_cat-odjeca-zastitna","7":"product_cat-vatrootporno","8":"product_cat-zastitna-odjeca-obuca-oprema","10":"first","11":"instock","12":"taxable","13":"shipping-taxable","14":"purchasable","15":"product-type-variable"},"aioseo_notices":[],"_links":{"self":[{"href":"https:\/\/uni-forma.hr\/en\/wp-json\/wp\/v2\/product\/14984","targetHints":{"allow":["GET"]}}],"collection":[{"href":"https:\/\/uni-forma.hr\/en\/wp-json\/wp\/v2\/product"}],"about":[{"href":"https:\/\/uni-forma.hr\/en\/wp-json\/wp\/v2\/types\/product"}],"replies":[{"embeddable":true,"href":"https:\/\/uni-forma.hr\/en\/wp-json\/wp\/v2\/comments?post=14984"}],"version-history":[{"count":0,"href":"https:\/\/uni-forma.hr\/en\/wp-json\/wp\/v2\/product\/14984\/revisions"}],"wp:featuredmedia":[{"embeddable":true,"href":"https:\/\/uni-forma.hr\/en\/wp-json\/wp\/v2\/media\/14985"}],"wp:attachment":[{"href":"https:\/\/uni-forma.hr\/en\/wp-json\/wp\/v2\/media?parent=14984"}],"wp:term":[{"taxonomy":"product_brand","embeddable":true,"href":"https:\/\/uni-forma.hr\/en\/wp-json\/wp\/v2\/product_brand?post=14984"},{"taxonomy":"product_cat","embeddable":true,"href":"https:\/\/uni-forma.hr\/en\/wp-json\/wp\/v2\/product_cat?post=14984"},{"taxonomy":"product_tag","embeddable":true,"href":"https:\/\/uni-forma.hr\/en\/wp-json\/wp\/v2\/product_tag?post=14984"}],"curies":[{"name":"wp","href":"https:\/\/api.w.org\/{rel}","templated":true}]}}