{"id":15072,"date":"2023-05-25T15:08:14","date_gmt":"2023-05-25T13:08:14","guid":{"rendered":"https:\/\/uni-forma.hr\/?post_type=product&#038;p=15072"},"modified":"2025-05-22T12:14:45","modified_gmt":"2025-05-22T10:14:45","slug":"kombinezon-flame-resistant-light-weight-anti-static-280g","status":"publish","type":"product","link":"https:\/\/uni-forma.hr\/en\/product\/kombinezon-flame-resistant-light-weight-anti-static-280g\/","title":{"rendered":"Overall Flame Resistant Light Weight Anti-Static, 280g"},"content":{"rendered":"<h3 class=\"text-left\">Characteristics<\/h3>\n<ul>\n<li>Protection against radiation, convection and contact heat<\/li>\n<li>Welding protection class 2<\/li>\n<li>Tape measure pocket<\/li>\n<li>Two back pockets<\/li>\n<li>Back with inserts, for additional freedom of movement<\/li>\n<li>Adjustable cuffs with Velcro, for a more secure fit<\/li>\n<li>Pockets with side opening<\/li>\n<li>Pocket on the sleeve<\/li>\n<li>Pockets for knee pads, on two levels, for two positioning options<\/li>\n<li>Sewn fireproof tape for industrial washing<\/li>\n<li>Two-way zipper for quick and easy access<\/li>\n<li>UPF 40+ rated fabric blocks 98% UV rays<\/li>\n<li>CE certified<\/li>\n<li>Radio loop for easy connection to the radio<\/li>\n<li>10 storage pockets<\/li>\n<li>UKCA mark<\/li>\n<\/ul>\n<div class=\"std_titles\">Outer fabric: Bizflame Plus: 99% cotton, 1% carbon fiber 280g<\/div>\n<div>\n<h3 class=\"text-left\">Standards<\/h3>\n<ul>\n<li>EN ISO 11612 A1+A2, B1, C1, F1<\/li>\n<li>EN ISO 11611 Class 2 A1+A2<\/li>\n<li>EN 1149 -5<\/li>\n<\/ul>\n<h3 class=\"text-left\">Maintenance during washing<\/h3>\n<p><img decoding=\"async\" title=\" Max. washing temperature 60\u00b0C, normal procedure \" src=\"https:\/\/d11ak7fd9ypfb7.cloudfront.net\/Media\/Icons\/wash-care\/WCI04.png\" width=\"35px\" \/><img decoding=\"async\" title=\" Do not bleach \" src=\"https:\/\/d11ak7fd9ypfb7.cloudfront.net\/Media\/Icons\/wash-care\/WCI21.png\" width=\"35px\" \/><img decoding=\"async\" title=\" Standard drying in the dryer \" src=\"https:\/\/d11ak7fd9ypfb7.cloudfront.net\/Media\/Icons\/wash-care\/WCI30.png\" width=\"35px\" \/><img decoding=\"async\" title=\" Max. ironing temperature 150\u00b0C \" src=\"https:\/\/d11ak7fd9ypfb7.cloudfront.net\/Media\/Icons\/wash-care\/WCI51.png\" width=\"35px\" \/><img decoding=\"async\" title=\" Do not dry clean \" src=\"https:\/\/d11ak7fd9ypfb7.cloudfront.net\/Media\/Icons\/wash-care\/WCI61.png\" width=\"35px\" \/><img decoding=\"async\" title=\" Max. 50 washes \" src=\"https:\/\/d11ak7fd9ypfb7.cloudfront.net\/Media\/Icons\/wash-care\/WCI71.png\" width=\"35px\" \/><\/p>\n<\/div>","protected":false},"excerpt":{"rendered":"<p>Karakteristike Za\u0161tita od zra\u010denja, konvekcijske i kontaktne topline Za\u0161tita za zavarivanje klasa 2 D\u017eep za metar Dva stra\u017enja d\u017eepa Le\u0111a<\/p>","protected":false},"featured_media":15124,"comment_status":"open","ping_status":"closed","template":"","meta":[],"product_brand":[],"product_cat":[97,104,21],"product_tag":[],"class_list":{"0":"post-15072","1":"product","2":"type-product","3":"status-publish","4":"has-post-thumbnail","6":"product_cat-odjeca-zastitna","7":"product_cat-vatrootporno","8":"product_cat-zastitna-odjeca-obuca-oprema","10":"first","11":"instock","12":"taxable","13":"shipping-taxable","14":"purchasable","15":"product-type-variable"},"aioseo_notices":[],"_links":{"self":[{"href":"https:\/\/uni-forma.hr\/en\/wp-json\/wp\/v2\/product\/15072","targetHints":{"allow":["GET"]}}],"collection":[{"href":"https:\/\/uni-forma.hr\/en\/wp-json\/wp\/v2\/product"}],"about":[{"href":"https:\/\/uni-forma.hr\/en\/wp-json\/wp\/v2\/types\/product"}],"replies":[{"embeddable":true,"href":"https:\/\/uni-forma.hr\/en\/wp-json\/wp\/v2\/comments?post=15072"}],"version-history":[{"count":0,"href":"https:\/\/uni-forma.hr\/en\/wp-json\/wp\/v2\/product\/15072\/revisions"}],"wp:featuredmedia":[{"embeddable":true,"href":"https:\/\/uni-forma.hr\/en\/wp-json\/wp\/v2\/media\/15124"}],"wp:attachment":[{"href":"https:\/\/uni-forma.hr\/en\/wp-json\/wp\/v2\/media?parent=15072"}],"wp:term":[{"taxonomy":"product_brand","embeddable":true,"href":"https:\/\/uni-forma.hr\/en\/wp-json\/wp\/v2\/product_brand?post=15072"},{"taxonomy":"product_cat","embeddable":true,"href":"https:\/\/uni-forma.hr\/en\/wp-json\/wp\/v2\/product_cat?post=15072"},{"taxonomy":"product_tag","embeddable":true,"href":"https:\/\/uni-forma.hr\/en\/wp-json\/wp\/v2\/product_tag?post=15072"}],"curies":[{"name":"wp","href":"https:\/\/api.w.org\/{rel}","templated":true}]}}