{"id":15460,"date":"2023-05-26T10:11:10","date_gmt":"2023-05-26T08:11:10","guid":{"rendered":"https:\/\/uni-forma.hr\/?post_type=product&#038;p=15460"},"modified":"2024-09-09T10:35:54","modified_gmt":"2024-09-09T08:35:54","slug":"kabanica-za-kisu-classic","status":"publish","type":"product","link":"https:\/\/uni-forma.hr\/en\/product\/kabanica-za-kisu-classic\/","title":{"rendered":"Raincoat Classic"},"content":{"rendered":"<h3 class=\"text-left\">Characteristics<\/h3>\n<ul>\n<li>Light, waterproof fabric with invisible seams prevents water penetration<\/li>\n<li>Openings for extra breathability and comfort<\/li>\n<li>Inner elastic cuff<\/li>\n<li>Front zipper for easy access<\/li>\n<li>A hood that can be packed away (rolled up), for additional functionality<\/li>\n<li>Comfortable for greater wearing comfort<\/li>\n<li>An extremely water-resistant final layer of the fabric, water collects in water droplets and rolls off the surface of the fabric by itself<\/li>\n<li>Taped seams for extra protection<\/li>\n<li>2 pockets for safe storage<\/li>\n<li>PVC coating in accordance with the REACH standard<\/li>\n<li>UPF 40+ rated fabric blocks 98% UV rays<\/li>\n<\/ul>\n<div class=\"std_titles\">Outer material: 100% Polyester, 190T, Plain Weave, PVC coated 210g<\/div>\n<div><\/div>\n<div>\n<h3 class=\"text-left\">Standards<\/h3>\n<ul>\n<li>EN 343 Class 3:1 X WP 5,000mm<\/li>\n<\/ul>\n<h3 class=\"text-left\">Maintenance during washing<\/h3>\n<p><img decoding=\"async\" title=\" Max. washing temperature 40\u00b0C, gentle process \" src=\"https:\/\/d11ak7fd9ypfb7.cloudfront.net\/Media\/Icons\/wash-care\/WCI09.png\" width=\"35px\" \/><img decoding=\"async\" title=\" Do not bleach \" src=\"https:\/\/d11ak7fd9ypfb7.cloudfront.net\/Media\/Icons\/wash-care\/WCI21.png\" width=\"35px\" \/><img decoding=\"async\" title=\" Do not dry in the dryer \" src=\"https:\/\/d11ak7fd9ypfb7.cloudfront.net\/Media\/Icons\/wash-care\/WCI32.png\" width=\"35px\" \/><img decoding=\"async\" title=\" Do not iron \" src=\"https:\/\/d11ak7fd9ypfb7.cloudfront.net\/Media\/Icons\/wash-care\/WCI53.png\" width=\"35px\" \/><img decoding=\"async\" title=\" Do not dry clean \" src=\"https:\/\/d11ak7fd9ypfb7.cloudfront.net\/Media\/Icons\/wash-care\/WCI61.png\" width=\"35px\" \/><\/p>\n<\/div>","protected":false},"excerpt":{"rendered":"<p>Karakteristike Lagana, vodootorna tkanina sa nevidljivim \u0161avovima spre\u010dava prodiranje vode Otvori za dodatnu prozra\u010dnost i udobnost Unutarnja elasti\u010dna man\u017eeta Patent<\/p>","protected":false},"featured_media":15461,"comment_status":"open","ping_status":"closed","template":"","meta":[],"product_brand":[],"product_cat":[106,97,21],"product_tag":[],"class_list":{"0":"post-15460","1":"product","2":"type-product","3":"status-publish","4":"has-post-thumbnail","6":"product_cat-odjeca-za-kisu","7":"product_cat-odjeca-zastitna","8":"product_cat-zastitna-odjeca-obuca-oprema","10":"first","11":"instock","12":"taxable","13":"shipping-taxable","14":"purchasable","15":"product-type-variable"},"aioseo_notices":[],"_links":{"self":[{"href":"https:\/\/uni-forma.hr\/en\/wp-json\/wp\/v2\/product\/15460","targetHints":{"allow":["GET"]}}],"collection":[{"href":"https:\/\/uni-forma.hr\/en\/wp-json\/wp\/v2\/product"}],"about":[{"href":"https:\/\/uni-forma.hr\/en\/wp-json\/wp\/v2\/types\/product"}],"replies":[{"embeddable":true,"href":"https:\/\/uni-forma.hr\/en\/wp-json\/wp\/v2\/comments?post=15460"}],"version-history":[{"count":0,"href":"https:\/\/uni-forma.hr\/en\/wp-json\/wp\/v2\/product\/15460\/revisions"}],"wp:featuredmedia":[{"embeddable":true,"href":"https:\/\/uni-forma.hr\/en\/wp-json\/wp\/v2\/media\/15461"}],"wp:attachment":[{"href":"https:\/\/uni-forma.hr\/en\/wp-json\/wp\/v2\/media?parent=15460"}],"wp:term":[{"taxonomy":"product_brand","embeddable":true,"href":"https:\/\/uni-forma.hr\/en\/wp-json\/wp\/v2\/product_brand?post=15460"},{"taxonomy":"product_cat","embeddable":true,"href":"https:\/\/uni-forma.hr\/en\/wp-json\/wp\/v2\/product_cat?post=15460"},{"taxonomy":"product_tag","embeddable":true,"href":"https:\/\/uni-forma.hr\/en\/wp-json\/wp\/v2\/product_tag?post=15460"}],"curies":[{"name":"wp","href":"https:\/\/api.w.org\/{rel}","templated":true}]}}