{"id":15569,"date":"2023-05-29T14:15:46","date_gmt":"2023-05-29T12:15:46","guid":{"rendered":"https:\/\/uni-forma.hr\/?post_type=product&#038;p=15569"},"modified":"2023-06-30T09:05:44","modified_gmt":"2023-06-30T07:05:44","slug":"zenski-sako","status":"publish","type":"product","link":"https:\/\/uni-forma.hr\/en\/product\/zenski-sako\/","title":{"rendered":"Women&#039;s blazer"},"content":{"rendered":"<ul>\n<li>64% Polyester\/34% Viscose\/2% Elastane<\/li>\n<li>100% polyester taffeta lining<\/li>\n<li>1-button jacket<\/li>\n<li>2 front pockets with welts<\/li>\n<li>2 inner pockets with buttons<\/li>\n<li>3-button cuffs<\/li>\n<li>1 back slit<\/li>\n<\/ul>","protected":false},"excerpt":{"rendered":"<ul>\n<li><span class=\"label\">g\/m<sup>2<\/sup>:<\/span>\u00a0220<\/li>\n<li><span class=\"label\">Brand:<\/span>CARIBBEAN<\/li>\n<li><span class=\"label\">Product category:<\/span>Corporate Clothing<\/li>\n<li><span class=\"label\">Sex:<\/span>Women&#039;s Clothing<\/li>\n<li><span class=\"label\">Sizes:<\/span>34 &#8211; 36 &#8211; 38 &#8211; 40 &#8211; 42 &#8211; 44 &#8211; 46<\/li>\n<li><span class=\"label\">Country of origin:<\/span>Turkey<\/li>\n<\/ul>\n<div id=\"product-taggrouping\">\n<ul>\n<li class=\"taggrouping\"><span class=\"label\">Cloth:<\/span>\u00a0<span class=\"badge label-default\">Polyester \/ viscose \/ elastane<\/span><\/li>\n<li class=\"taggrouping\"><span class=\"label\">Neckline:<\/span>\u00a0<span class=\"badge label-default\">Long sleeve<\/span>\u00a0<span class=\"badge label-default\">Side seam<\/span>\u00a0<span class=\"badge label-default\">Pocket<\/span><\/li>\n<li class=\"taggrouping\"><span class=\"label\">Details:<\/span>\u00a0<span class=\"badge label-default\">220-299 g\/m2<\/span><\/li>\n<li class=\"care-labels\"><span class=\"label pull-left\">Maintenance marks:<\/span>\n<div id=\"product-carelabels\" class=\"pull-left\"><img loading=\"lazy\" decoding=\"async\" class=\"tooltipable\" title=\"\" src=\"https:\/\/utteam.com\/utt_img\/\/care-labels\/w_dont.jpg\" width=\"37\" height=\"25\" data-toggle=\"tooltip\" data-original-title=\"Do not wash\" \/><img loading=\"lazy\" decoding=\"async\" class=\"tooltipable\" title=\"\" src=\"https:\/\/utteam.com\/utt_img\/\/care-labels\/td_donot.jpg\" width=\"35\" height=\"24\" data-toggle=\"tooltip\" data-original-title=\"Ne su\u0161iti u su\u0161ilici\" \/><img loading=\"lazy\" decoding=\"async\" class=\"tooltipable\" title=\"\" src=\"https:\/\/utteam.com\/utt_img\/\/care-labels\/ir_tallm.jpg\" width=\"29\" height=\"23\" data-toggle=\"tooltip\" data-original-title=\"Gla\u010danje, srednja temperatura\" \/><img loading=\"lazy\" decoding=\"async\" class=\"tooltipable\" title=\"\" src=\"https:\/\/utteam.com\/utt_img\/\/care-labels\/dc_p.jpg\" width=\"20\" height=\"21\" data-toggle=\"tooltip\" data-original-title=\"Kemijsko \u010di\u0161\u0107enje, otapaju\u0107i osim Trichloretylene\" \/><img loading=\"lazy\" decoding=\"async\" class=\"tooltipable\" title=\"\" src=\"https:\/\/utteam.com\/utt_img\/\/care-labels\/bleach_dont.jpg\" width=\"34\" height=\"28\" data-toggle=\"tooltip\" data-original-title=\"Don't bleach\" \/><\/div>\n<\/li>\n<\/ul>\n<\/div>","protected":false},"featured_media":15570,"comment_status":"open","ping_status":"closed","template":"","meta":[],"product_brand":[],"product_cat":[33,76,77],"product_tag":[],"class_list":{"0":"post-15569","1":"product","2":"type-product","3":"status-publish","4":"has-post-thumbnail","6":"product_cat-korporativna-odjeca","7":"product_cat-odjelo","8":"product_cat-sako","9":"pa_velicine-korp-230","10":"pa_velicine-korp-229","11":"pa_velicine-korp-228","12":"pa_velicine-korp-227","13":"pa_velicine-korp-226","14":"pa_velicine-korp-225","15":"pa_velicine-korp-212","17":"first","18":"instock","19":"taxable","20":"shipping-taxable","21":"purchasable","22":"product-type-variable"},"aioseo_notices":[],"_links":{"self":[{"href":"https:\/\/uni-forma.hr\/en\/wp-json\/wp\/v2\/product\/15569","targetHints":{"allow":["GET"]}}],"collection":[{"href":"https:\/\/uni-forma.hr\/en\/wp-json\/wp\/v2\/product"}],"about":[{"href":"https:\/\/uni-forma.hr\/en\/wp-json\/wp\/v2\/types\/product"}],"replies":[{"embeddable":true,"href":"https:\/\/uni-forma.hr\/en\/wp-json\/wp\/v2\/comments?post=15569"}],"version-history":[{"count":0,"href":"https:\/\/uni-forma.hr\/en\/wp-json\/wp\/v2\/product\/15569\/revisions"}],"wp:featuredmedia":[{"embeddable":true,"href":"https:\/\/uni-forma.hr\/en\/wp-json\/wp\/v2\/media\/15570"}],"wp:attachment":[{"href":"https:\/\/uni-forma.hr\/en\/wp-json\/wp\/v2\/media?parent=15569"}],"wp:term":[{"taxonomy":"product_brand","embeddable":true,"href":"https:\/\/uni-forma.hr\/en\/wp-json\/wp\/v2\/product_brand?post=15569"},{"taxonomy":"product_cat","embeddable":true,"href":"https:\/\/uni-forma.hr\/en\/wp-json\/wp\/v2\/product_cat?post=15569"},{"taxonomy":"product_tag","embeddable":true,"href":"https:\/\/uni-forma.hr\/en\/wp-json\/wp\/v2\/product_tag?post=15569"}],"curies":[{"name":"wp","href":"https:\/\/api.w.org\/{rel}","templated":true}]}}