{"id":17001,"date":"2023-05-31T09:58:31","date_gmt":"2023-05-31T07:58:31","guid":{"rendered":"https:\/\/uni-forma.hr\/?post_type=product&#038;p=17001"},"modified":"2023-06-30T09:41:52","modified_gmt":"2023-06-30T07:41:52","slug":"muska-kosulja-8","status":"publish","type":"product","link":"https:\/\/uni-forma.hr\/en\/product\/muska-kosulja-8\/","title":{"rendered":"Men&#039;s shirt"},"content":{"rendered":"<ul>\n<li>65% Polyester\/35% Cotton Poplin<\/li>\n<li>Simple care<\/li>\n<li>Corresponding buttons<\/li>\n<li>2 chest pockets with flap, including 1 with pen holder on the left side<\/li>\n<li>Back folds<\/li>\n<li>Buttons on the shoulders for attaching braids (braids not included)<\/li>\n<li>Adjustable cuffs with buttons<\/li>\n<\/ul>","protected":false},"excerpt":{"rendered":"<ul>\n<li><span class=\"label\">g\/m<sup>2<\/sup>:<\/span>\u00a0115<\/li>\n<li><span class=\"label\">Brand: <\/span>CARIBBEAN<\/li>\n<li><span class=\"label\">Sizes: <\/span>S \u2013 M \u2013 L \u2013 XL \u2013 2XL \u2013 3XL \u2013 4XL<\/li>\n<li><span class=\"label\">Country of origin:<\/span>Bangladesh<\/li>\n<\/ul>\n<div id=\"product-taggrouping\">\n<ul>\n<li class=\"taggrouping\"><span class=\"label\">Cloth:<\/span>\u00a0<span class=\"badge label-default\">Polyester \/ cotton<\/span>\u00a0<span class=\"badge label-default\">Poplin<\/span><\/li>\n<li class=\"taggrouping\"><span class=\"label\">Neckline:<\/span>\u00a0<span class=\"badge label-default\">Long sleeve<\/span><\/li>\n<li class=\"taggrouping\"><span class=\"badge label-default\">Pocket<\/span><\/li>\n<li class=\"taggrouping\"><span class=\"label\">Details:<\/span>\u00a0<span class=\"badge label-default\">0-140 g\/m2<\/span><\/li>\n<li class=\"taggrouping\"><span class=\"badge label-default\">Simple maintenance<\/span><\/li>\n<li class=\"care-labels\"><span class=\"label pull-left\">Maintenance marks:<\/span>\n<div id=\"product-carelabels\" class=\"pull-left\"><img loading=\"lazy\" decoding=\"async\" class=\"tooltipable\" title=\"\" src=\"https:\/\/utteam.com\/utt_img\/\/care-labels\/mw_40c.jpg\" width=\"30\" height=\"20\" data-toggle=\"tooltip\" data-original-title=\"Normal agitation at 40 \u00b0C\" \/> <img loading=\"lazy\" decoding=\"async\" class=\"tooltipable\" title=\"\" src=\"https:\/\/utteam.com\/utt_img\/\/care-labels\/td_donot.jpg\" width=\"29\" height=\"20\" data-toggle=\"tooltip\" data-original-title=\"Ne su\u0161iti u su\u0161ilici\" \/> <img loading=\"lazy\" decoding=\"async\" class=\"tooltipable\" title=\"\" src=\"https:\/\/utteam.com\/utt_img\/\/care-labels\/ir_talll.jpg\" width=\"25\" height=\"20\" data-toggle=\"tooltip\" data-original-title=\"Gla\u010danje, niska temperatura\" \/> <img loading=\"lazy\" decoding=\"async\" class=\"tooltipable\" title=\"\" src=\"https:\/\/utteam.com\/utt_img\/\/care-labels\/dc_p.jpg\" width=\"19\" height=\"20\" data-toggle=\"tooltip\" data-original-title=\"Kemijsko \u010di\u0161\u0107enje, otapaju\u0107i osim Trichloretylene\" \/> <img loading=\"lazy\" decoding=\"async\" class=\"tooltipable\" title=\"\" src=\"https:\/\/utteam.com\/utt_img\/\/care-labels\/bleach_dont.jpg\" width=\"23\" height=\"19\" data-toggle=\"tooltip\" data-original-title=\"Don't bleach\" aria-describedby=\"tooltip13954\" \/><\/div>\n<\/li>\n<\/ul>\n<\/div>","protected":false},"featured_media":17023,"comment_status":"open","ping_status":"closed","template":"","meta":[],"product_brand":[],"product_cat":[33,82],"product_tag":[],"class_list":{"0":"post-17001","1":"product","2":"type-product","3":"status-publish","4":"has-post-thumbnail","6":"product_cat-korporativna-odjeca","7":"product_cat-kosulje","9":"first","10":"instock","11":"taxable","12":"shipping-taxable","13":"purchasable","14":"product-type-variable"},"aioseo_notices":[],"_links":{"self":[{"href":"https:\/\/uni-forma.hr\/en\/wp-json\/wp\/v2\/product\/17001","targetHints":{"allow":["GET"]}}],"collection":[{"href":"https:\/\/uni-forma.hr\/en\/wp-json\/wp\/v2\/product"}],"about":[{"href":"https:\/\/uni-forma.hr\/en\/wp-json\/wp\/v2\/types\/product"}],"replies":[{"embeddable":true,"href":"https:\/\/uni-forma.hr\/en\/wp-json\/wp\/v2\/comments?post=17001"}],"version-history":[{"count":0,"href":"https:\/\/uni-forma.hr\/en\/wp-json\/wp\/v2\/product\/17001\/revisions"}],"wp:featuredmedia":[{"embeddable":true,"href":"https:\/\/uni-forma.hr\/en\/wp-json\/wp\/v2\/media\/17023"}],"wp:attachment":[{"href":"https:\/\/uni-forma.hr\/en\/wp-json\/wp\/v2\/media?parent=17001"}],"wp:term":[{"taxonomy":"product_brand","embeddable":true,"href":"https:\/\/uni-forma.hr\/en\/wp-json\/wp\/v2\/product_brand?post=17001"},{"taxonomy":"product_cat","embeddable":true,"href":"https:\/\/uni-forma.hr\/en\/wp-json\/wp\/v2\/product_cat?post=17001"},{"taxonomy":"product_tag","embeddable":true,"href":"https:\/\/uni-forma.hr\/en\/wp-json\/wp\/v2\/product_tag?post=17001"}],"curies":[{"name":"wp","href":"https:\/\/api.w.org\/{rel}","templated":true}]}}