{"id":17042,"date":"2023-05-31T10:09:07","date_gmt":"2023-05-31T08:09:07","guid":{"rendered":"https:\/\/uni-forma.hr\/?post_type=product&#038;p=17042"},"modified":"2023-06-30T09:42:26","modified_gmt":"2023-06-30T07:42:26","slug":"muska-kosulja-9","status":"publish","type":"product","link":"https:\/\/uni-forma.hr\/en\/product\/muska-kosulja-9\/","title":{"rendered":"Men&#039;s shirt"},"content":{"rendered":"<ul>\n<li>100% cotton<\/li>\n<li>Poplin fabric<\/li>\n<li>Collar without buttons<\/li>\n<li>2 patch pockets with front flap<\/li>\n<li>Adjustable cuffs with a pointed tab at the end<\/li>\n<li>Screw-on sleeves with button tab<\/li>\n<\/ul>","protected":false},"excerpt":{"rendered":"<ul>\n<li style=\"list-style-type: none;\">\n<ul>\n<li><span class=\"label\">g\/m<sup>2<\/sup>:<\/span>\u00a0120<\/li>\n<li><span class=\"label\">Brand:<\/span>CARIBBEAN<\/li>\n<li><span class=\"label\">Sizes:<\/span>S \u2013 M \u2013 L \u2013 XL \u2013 2XL \u2013 3XL \u2013 4XL<\/li>\n<li><span class=\"label\">Country of origin:<\/span>Bangladesh<\/li>\n<\/ul>\n<div id=\"product-taggrouping\">\n<ul>\n<li class=\"taggrouping\"><span class=\"label\">Cloth:<\/span>\u00a0<span class=\"badge label-default\">100% Cotton<\/span>\u00a0<span class=\"badge label-default\">Poplin<\/span><\/li>\n<li class=\"taggrouping\"><span class=\"label\">Neckline:<\/span>\u00a0<span class=\"badge label-default\">Long sleeve<\/span>\u00a0<span class=\"badge label-default\">Side seam<\/span><\/li>\n<li class=\"taggrouping\"><span class=\"label\">Details:<\/span>\u00a0<span class=\"badge label-default\">0-140 g\/m2<\/span><\/li>\n<li class=\"care-labels\"><span class=\"label pull-left\">Maintenance marks:<\/span>\n<div id=\"product-carelabels\" class=\"pull-left\"><img loading=\"lazy\" decoding=\"async\" class=\"tooltipable\" title=\"\" src=\"https:\/\/utteam.com\/utt_img\/\/care-labels\/mw_40c.jpg\" width=\"30\" height=\"20\" data-toggle=\"tooltip\" data-original-title=\"Normal agitation at 40 \u00b0C\" \/> <img loading=\"lazy\" decoding=\"async\" class=\"tooltipable\" title=\"\" src=\"https:\/\/utteam.com\/utt_img\/\/care-labels\/td_gentl.jpg\" width=\"17\" height=\"20\" data-toggle=\"tooltip\" data-original-title=\"Su\u0161enje u su\u0161ilici, nje\u017eno\" \/> <img loading=\"lazy\" decoding=\"async\" class=\"tooltipable\" title=\"\" src=\"https:\/\/utteam.com\/utt_img\/\/care-labels\/ir_talll.jpg\" width=\"24\" height=\"19\" data-toggle=\"tooltip\" data-original-title=\"Gla\u010danje, niska temperatura\" \/> <img loading=\"lazy\" decoding=\"async\" class=\"tooltipable\" title=\"\" src=\"https:\/\/utteam.com\/utt_img\/\/care-labels\/dc_donot.jpg\" width=\"28\" height=\"20\" data-toggle=\"tooltip\" data-original-title=\"Ne \u010distiti kemijski\" \/> <img loading=\"lazy\" decoding=\"async\" class=\"tooltipable\" title=\"\" src=\"https:\/\/utteam.com\/utt_img\/\/care-labels\/bleach_dont.jpg\" width=\"23\" height=\"19\" data-toggle=\"tooltip\" data-original-title=\"Don't bleach\" aria-describedby=\"tooltip499590\" \/><\/div>\n<\/li>\n<\/ul>\n<\/div>\n<\/li>\n<\/ul>","protected":false},"featured_media":17057,"comment_status":"open","ping_status":"closed","template":"","meta":[],"product_brand":[],"product_cat":[33,82],"product_tag":[],"class_list":{"0":"post-17042","1":"product","2":"type-product","3":"status-publish","4":"has-post-thumbnail","6":"product_cat-korporativna-odjeca","7":"product_cat-kosulje","9":"first","10":"instock","11":"taxable","12":"shipping-taxable","13":"purchasable","14":"product-type-variable"},"aioseo_notices":[],"_links":{"self":[{"href":"https:\/\/uni-forma.hr\/en\/wp-json\/wp\/v2\/product\/17042","targetHints":{"allow":["GET"]}}],"collection":[{"href":"https:\/\/uni-forma.hr\/en\/wp-json\/wp\/v2\/product"}],"about":[{"href":"https:\/\/uni-forma.hr\/en\/wp-json\/wp\/v2\/types\/product"}],"replies":[{"embeddable":true,"href":"https:\/\/uni-forma.hr\/en\/wp-json\/wp\/v2\/comments?post=17042"}],"version-history":[{"count":0,"href":"https:\/\/uni-forma.hr\/en\/wp-json\/wp\/v2\/product\/17042\/revisions"}],"wp:featuredmedia":[{"embeddable":true,"href":"https:\/\/uni-forma.hr\/en\/wp-json\/wp\/v2\/media\/17057"}],"wp:attachment":[{"href":"https:\/\/uni-forma.hr\/en\/wp-json\/wp\/v2\/media?parent=17042"}],"wp:term":[{"taxonomy":"product_brand","embeddable":true,"href":"https:\/\/uni-forma.hr\/en\/wp-json\/wp\/v2\/product_brand?post=17042"},{"taxonomy":"product_cat","embeddable":true,"href":"https:\/\/uni-forma.hr\/en\/wp-json\/wp\/v2\/product_cat?post=17042"},{"taxonomy":"product_tag","embeddable":true,"href":"https:\/\/uni-forma.hr\/en\/wp-json\/wp\/v2\/product_tag?post=17042"}],"curies":[{"name":"wp","href":"https:\/\/api.w.org\/{rel}","templated":true}]}}