{"id":17682,"date":"2023-06-01T18:24:42","date_gmt":"2023-06-01T16:24:42","guid":{"rendered":"https:\/\/uni-forma.hr\/?post_type=product&#038;p=17682"},"modified":"2025-05-22T12:14:44","modified_gmt":"2025-05-22T10:14:44","slug":"muska-kosulja-17","status":"publish","type":"product","link":"https:\/\/uni-forma.hr\/en\/product\/muska-kosulja-17\/","title":{"rendered":"Men&#039;s shirt"},"content":{"rendered":"<ul>\n<li>QUALITY \u2013 FISHBONE<\/li>\n<li>82% cotton \u2013 18% polyester<\/li>\n<li>Yarn dyed<\/li>\n<li>Straight cut<\/li>\n<li>Small collar<\/li>\n<li>Long sleeves<\/li>\n<li>Round cuffs adjustable with 2 buttons<\/li>\n<li>7-button button<\/li>\n<li>Buttoned slits<\/li>\n<li>Textured fabric<\/li>\n<\/ul>","protected":false},"excerpt":{"rendered":"<ul>\n<li><span class=\"label\">g\/m<sup>2<\/sup>:<\/span>\u00a0135<\/li>\n<li><span class=\"label\">Brand: <\/span>SOL&#039;S<\/li>\n<li><span class=\"label\">Sizes: <\/span>S \u2013 M \u2013 L \u2013 XL \u2013 2XL \u2013 3XL<\/li>\n<li><span class=\"label\">Country of origin: <\/span>Bangladesh<\/li>\n<\/ul>\n<div id=\"product-taggrouping\">\n<ul>\n<li class=\"taggrouping\"><span class=\"label\">Cloth:<\/span>\u00a0<span class=\"badge label-default\">Cotton \/ polyester<\/span>\u00a0<span class=\"badge label-default\">Oxford<\/span><\/li>\n<li class=\"taggrouping\"><span class=\"label\">Neckline:<\/span>\u00a0<span class=\"badge label-default\">Long sleeve<\/span>\u00a0<span class=\"badge label-default\">Pocket<\/span><\/li>\n<li class=\"taggrouping\"><span class=\"label\">Details:<\/span>\u00a0<span class=\"badge label-default\">0-140 g\/m2<\/span>\u00a0<span class=\"badge label-default\">Simple maintenance<\/span><\/li>\n<li class=\"taggrouping\"><span class=\"label\">Season:<\/span>\u00a0<span class=\"badge label-default\">Winter<\/span><\/li>\n<li class=\"care-labels\"><span class=\"label pull-left\">Maintenance marks:<\/span>\n<div id=\"product-carelabels\" class=\"pull-left\"><img loading=\"lazy\" decoding=\"async\" class=\"tooltipable\" title=\"\" src=\"https:\/\/utteam.com\/utt_img\/\/care-labels\/mw_40c.jpg\" width=\"36\" height=\"24\" data-toggle=\"tooltip\" data-original-title=\"Normal agitation at 40 \u00b0C\" \/> <img loading=\"lazy\" decoding=\"async\" class=\"tooltipable\" title=\"\" src=\"https:\/\/utteam.com\/utt_img\/\/care-labels\/td_nor_l.jpg\" width=\"23\" height=\"23\" data-toggle=\"tooltip\" data-original-title=\"Normalno su\u0161enje u su\u0161ilici na niskoj temperaturi\" \/> <img loading=\"lazy\" decoding=\"async\" class=\"tooltipable\" title=\"\" src=\"https:\/\/utteam.com\/utt_img\/\/care-labels\/ir_tallm.jpg\" width=\"30\" height=\"24\" data-toggle=\"tooltip\" data-original-title=\"Gla\u010danje, srednja temperatura\" \/> <img loading=\"lazy\" decoding=\"async\" class=\"tooltipable\" title=\"\" src=\"https:\/\/utteam.com\/utt_img\/\/care-labels\/dc_p.jpg\" width=\"22\" height=\"23\" data-toggle=\"tooltip\" data-original-title=\"Kemijsko \u010di\u0161\u0107enje, otapaju\u0107i osim Trichloretylene\" \/> <img loading=\"lazy\" decoding=\"async\" class=\"tooltipable\" title=\"\" src=\"https:\/\/utteam.com\/utt_img\/\/care-labels\/bleach_dont.jpg\" width=\"27\" height=\"22\" data-toggle=\"tooltip\" data-original-title=\"Don't bleach\" \/><\/div>\n<\/li>\n<\/ul>\n<\/div>","protected":false},"featured_media":17707,"comment_status":"open","ping_status":"closed","template":"","meta":[],"product_brand":[],"product_cat":[33,82],"product_tag":[],"class_list":{"0":"post-17682","1":"product","2":"type-product","3":"status-publish","4":"has-post-thumbnail","6":"product_cat-korporativna-odjeca","7":"product_cat-kosulje","9":"first","10":"instock","11":"taxable","12":"shipping-taxable","13":"purchasable","14":"product-type-variable"},"aioseo_notices":[],"_links":{"self":[{"href":"https:\/\/uni-forma.hr\/en\/wp-json\/wp\/v2\/product\/17682","targetHints":{"allow":["GET"]}}],"collection":[{"href":"https:\/\/uni-forma.hr\/en\/wp-json\/wp\/v2\/product"}],"about":[{"href":"https:\/\/uni-forma.hr\/en\/wp-json\/wp\/v2\/types\/product"}],"replies":[{"embeddable":true,"href":"https:\/\/uni-forma.hr\/en\/wp-json\/wp\/v2\/comments?post=17682"}],"version-history":[{"count":0,"href":"https:\/\/uni-forma.hr\/en\/wp-json\/wp\/v2\/product\/17682\/revisions"}],"wp:featuredmedia":[{"embeddable":true,"href":"https:\/\/uni-forma.hr\/en\/wp-json\/wp\/v2\/media\/17707"}],"wp:attachment":[{"href":"https:\/\/uni-forma.hr\/en\/wp-json\/wp\/v2\/media?parent=17682"}],"wp:term":[{"taxonomy":"product_brand","embeddable":true,"href":"https:\/\/uni-forma.hr\/en\/wp-json\/wp\/v2\/product_brand?post=17682"},{"taxonomy":"product_cat","embeddable":true,"href":"https:\/\/uni-forma.hr\/en\/wp-json\/wp\/v2\/product_cat?post=17682"},{"taxonomy":"product_tag","embeddable":true,"href":"https:\/\/uni-forma.hr\/en\/wp-json\/wp\/v2\/product_tag?post=17682"}],"curies":[{"name":"wp","href":"https:\/\/api.w.org\/{rel}","templated":true}]}}