{"id":17768,"date":"2023-06-01T18:46:28","date_gmt":"2023-06-01T16:46:28","guid":{"rendered":"https:\/\/uni-forma.hr\/?post_type=product&#038;p=17768"},"modified":"2025-05-22T12:12:39","modified_gmt":"2025-05-22T10:12:39","slug":"zenska-kosulja","status":"publish","type":"product","link":"https:\/\/uni-forma.hr\/en\/product\/zenska-kosulja\/","title":{"rendered":"Women&#039;s Shirt"},"content":{"rendered":"<ul>\n<li>HIGH QUALITY \u2013 STRETCH POPLIN<\/li>\n<li>97% cotton \u2013 3% elastane<\/li>\n<li>Slim fit<\/li>\n<li>Long sleeves<\/li>\n<li>Modern classic collar<\/li>\n<li>Cuffs with 2 buttons and tied placket<\/li>\n<li>8 colored buttons<\/li>\n<li>2 arrows in the waist<\/li>\n<li>Simple care<\/li>\n<\/ul>","protected":false},"excerpt":{"rendered":"<ul>\n<li><span class=\"label\">g\/m<sup>2<\/sup>:<\/span>\u00a0130<\/li>\n<li><span class=\"label\">Brand: <\/span>CARIBBEAN PREMIUM<\/li>\n<li><span class=\"label\">Sizes: <\/span>XS \u2013 S \u2013 M \u2013 L \u2013 XL \u2013 2XL \u2013 3XL<\/li>\n<li><span class=\"label\">Country of origin: <\/span>Tunisia<\/li>\n<\/ul>\n<div id=\"product-taggrouping\">\n<ul>\n<li class=\"taggrouping\"><span class=\"label\">Cloth:<\/span>\u00a0<span class=\"badge label-default\">100% Cotton<\/span>\u00a0<span class=\"badge label-default\">Twill<\/span><\/li>\n<li class=\"taggrouping\"><span class=\"label\">Neckline:<\/span>\u00a0<span class=\"badge label-default\">Long sleeve<\/span><\/li>\n<li class=\"taggrouping\"><span class=\"label\">Details:<\/span>\u00a0<span class=\"badge label-default\">0-140 g\/m2<\/span>\u00a0<span class=\"badge label-default\">There is no tag<\/span><\/li>\n<li class=\"taggrouping\"><span class=\"badge label-default\">Simple maintenance<\/span><\/li>\n<li class=\"care-labels\"><span class=\"label pull-left\">Maintenance marks:<\/span>\n<div id=\"product-carelabels\" class=\"pull-left\"><img loading=\"lazy\" decoding=\"async\" class=\"tooltipable\" title=\"\" src=\"https:\/\/utteam.com\/utt_img\/\/care-labels\/mw_40c.jpg\" width=\"30\" height=\"20\" data-toggle=\"tooltip\" data-original-title=\"Normal agitation at 40 \u00b0C\" \/> <img loading=\"lazy\" decoding=\"async\" class=\"tooltipable\" title=\"\" src=\"https:\/\/utteam.com\/utt_img\/\/care-labels\/td_donot.jpg\" width=\"29\" height=\"20\" data-toggle=\"tooltip\" data-original-title=\"Ne su\u0161iti u su\u0161ilici\" \/> <img loading=\"lazy\" decoding=\"async\" class=\"tooltipable\" title=\"\" src=\"https:\/\/utteam.com\/utt_img\/\/care-labels\/ir_tallm.jpg\" width=\"25\" height=\"20\" data-toggle=\"tooltip\" data-original-title=\"Gla\u010danje, srednja temperatura\" \/> <img loading=\"lazy\" decoding=\"async\" class=\"tooltipable\" title=\"\" src=\"https:\/\/utteam.com\/utt_img\/\/care-labels\/dc_p.jpg\" width=\"18\" height=\"19\" data-toggle=\"tooltip\" data-original-title=\"Kemijsko \u010di\u0161\u0107enje, otapaju\u0107i osim Trichloretylene\" \/> <img loading=\"lazy\" decoding=\"async\" class=\"tooltipable\" title=\"\" src=\"https:\/\/utteam.com\/utt_img\/\/care-labels\/bleach_dont.jpg\" width=\"24\" height=\"20\" data-toggle=\"tooltip\" data-original-title=\"Don't bleach\" \/><\/div>\n<\/li>\n<\/ul>\n<\/div>","protected":false},"featured_media":17790,"comment_status":"open","ping_status":"closed","template":"","meta":[],"product_brand":[],"product_cat":[33,82],"product_tag":[],"class_list":{"0":"post-17768","1":"product","2":"type-product","3":"status-publish","4":"has-post-thumbnail","6":"product_cat-korporativna-odjeca","7":"product_cat-kosulje","9":"first","10":"instock","11":"taxable","12":"shipping-taxable","13":"purchasable","14":"product-type-variable"},"aioseo_notices":[],"_links":{"self":[{"href":"https:\/\/uni-forma.hr\/en\/wp-json\/wp\/v2\/product\/17768","targetHints":{"allow":["GET"]}}],"collection":[{"href":"https:\/\/uni-forma.hr\/en\/wp-json\/wp\/v2\/product"}],"about":[{"href":"https:\/\/uni-forma.hr\/en\/wp-json\/wp\/v2\/types\/product"}],"replies":[{"embeddable":true,"href":"https:\/\/uni-forma.hr\/en\/wp-json\/wp\/v2\/comments?post=17768"}],"version-history":[{"count":0,"href":"https:\/\/uni-forma.hr\/en\/wp-json\/wp\/v2\/product\/17768\/revisions"}],"wp:featuredmedia":[{"embeddable":true,"href":"https:\/\/uni-forma.hr\/en\/wp-json\/wp\/v2\/media\/17790"}],"wp:attachment":[{"href":"https:\/\/uni-forma.hr\/en\/wp-json\/wp\/v2\/media?parent=17768"}],"wp:term":[{"taxonomy":"product_brand","embeddable":true,"href":"https:\/\/uni-forma.hr\/en\/wp-json\/wp\/v2\/product_brand?post=17768"},{"taxonomy":"product_cat","embeddable":true,"href":"https:\/\/uni-forma.hr\/en\/wp-json\/wp\/v2\/product_cat?post=17768"},{"taxonomy":"product_tag","embeddable":true,"href":"https:\/\/uni-forma.hr\/en\/wp-json\/wp\/v2\/product_tag?post=17768"}],"curies":[{"name":"wp","href":"https:\/\/api.w.org\/{rel}","templated":true}]}}