{"id":18038,"date":"2023-06-03T12:22:06","date_gmt":"2023-06-03T10:22:06","guid":{"rendered":"https:\/\/uni-forma.hr\/?post_type=product&#038;p=18038"},"modified":"2023-06-30T09:54:39","modified_gmt":"2023-06-30T07:54:39","slug":"zenska-kosulja-6","status":"publish","type":"product","link":"https:\/\/uni-forma.hr\/en\/product\/zenska-kosulja-6\/","title":{"rendered":"Women&#039;s Shirt"},"content":{"rendered":"<ul>\n<li>65% Polyester\/35% Cotton Poplin<\/li>\n<li>Easy-care fabric<\/li>\n<li>Mandarin collar<\/li>\n<li>Corresponding buttons<\/li>\n<li>V-shaped chest pocket on the left side<\/li>\n<li>Adjustable rounded cuffs with tear-resistant sleeve hem<\/li>\n<li>1 spare button<\/li>\n<li>Shaped edge<\/li>\n<\/ul>","protected":false},"excerpt":{"rendered":"<ul>\n<li><span class=\"label\">g\/m<sup>2<\/sup>:<\/span>\u00a0110<\/li>\n<li><span class=\"label\">Brand:<\/span>CARIBBEAN<\/li>\n<li><span class=\"label\">Sizes: <\/span>XS \u2013 S \u2013 M \u2013 L \u2013 XL \u2013 2XL \u2013 3XL<\/li>\n<li><span class=\"label\">Country of origin: <\/span>Bangladesh<\/li>\n<li><span class=\"label\">Cloth: <\/span>Polyester \/ cotton<span class=\"badge label-default\">Poplin<\/span><\/li>\n<li><span class=\"label\">Neckline: <\/span>Long sleeve<span class=\"badge label-default\">Side seam<\/span><span class=\"badge label-default\">Pocket<\/span><\/li>\n<li><span class=\"label\">Details: <\/span>0-140 g\/m2<span class=\"badge label-default\">Simple maintenance<\/span><\/li>\n<li><span class=\"label\">Season: <\/span>It&#039;s not seasonal<\/li>\n<li><span class=\"label\">Maintenance marks:<\/span>\n<div id=\"product-carelabels\"><img loading=\"lazy\" decoding=\"async\" class=\"tooltipable\" title=\"\" src=\"https:\/\/utteam.com\/utt_img\/\/care-labels\/mw_40c.jpg\" width=\"33\" height=\"22\" data-toggle=\"tooltip\" data-original-title=\"Normal agitation at 40 \u00b0C\" \/><img loading=\"lazy\" decoding=\"async\" class=\"tooltipable\" title=\"\" src=\"https:\/\/utteam.com\/utt_img\/\/care-labels\/td_donot.jpg\" width=\"30\" height=\"21\" data-toggle=\"tooltip\" data-original-title=\"Ne su\u0161iti u su\u0161ilici\" \/><img loading=\"lazy\" decoding=\"async\" class=\"tooltipable\" title=\"\" src=\"https:\/\/utteam.com\/utt_img\/\/care-labels\/ir_talll.jpg\" width=\"27\" height=\"22\" data-toggle=\"tooltip\" data-original-title=\"Gla\u010danje, niska temperatura\" \/><img loading=\"lazy\" decoding=\"async\" class=\"tooltipable\" title=\"\" src=\"https:\/\/utteam.com\/utt_img\/\/care-labels\/dc_p.jpg\" width=\"20\" height=\"21\" data-toggle=\"tooltip\" data-original-title=\"Kemijsko \u010di\u0161\u0107enje, otapaju\u0107i osim Trichloretylene\" \/><img loading=\"lazy\" decoding=\"async\" class=\"tooltipable\" title=\"\" src=\"https:\/\/utteam.com\/utt_img\/\/care-labels\/bleach_dont.jpg\" width=\"28\" height=\"23\" data-toggle=\"tooltip\" data-original-title=\"Don't bleach\" aria-describedby=\"tooltip268019\" \/><\/div>\n<\/li>\n<\/ul>\n<div id=\"product-taggrouping\"><\/div>","protected":false},"featured_media":18096,"comment_status":"open","ping_status":"closed","template":"","meta":[],"product_brand":[],"product_cat":[33,82],"product_tag":[],"class_list":{"0":"post-18038","1":"product","2":"type-product","3":"status-publish","4":"has-post-thumbnail","6":"product_cat-korporativna-odjeca","7":"product_cat-kosulje","9":"first","10":"instock","11":"taxable","12":"shipping-taxable","13":"purchasable","14":"product-type-variable"},"aioseo_notices":[],"_links":{"self":[{"href":"https:\/\/uni-forma.hr\/en\/wp-json\/wp\/v2\/product\/18038","targetHints":{"allow":["GET"]}}],"collection":[{"href":"https:\/\/uni-forma.hr\/en\/wp-json\/wp\/v2\/product"}],"about":[{"href":"https:\/\/uni-forma.hr\/en\/wp-json\/wp\/v2\/types\/product"}],"replies":[{"embeddable":true,"href":"https:\/\/uni-forma.hr\/en\/wp-json\/wp\/v2\/comments?post=18038"}],"version-history":[{"count":0,"href":"https:\/\/uni-forma.hr\/en\/wp-json\/wp\/v2\/product\/18038\/revisions"}],"wp:featuredmedia":[{"embeddable":true,"href":"https:\/\/uni-forma.hr\/en\/wp-json\/wp\/v2\/media\/18096"}],"wp:attachment":[{"href":"https:\/\/uni-forma.hr\/en\/wp-json\/wp\/v2\/media?parent=18038"}],"wp:term":[{"taxonomy":"product_brand","embeddable":true,"href":"https:\/\/uni-forma.hr\/en\/wp-json\/wp\/v2\/product_brand?post=18038"},{"taxonomy":"product_cat","embeddable":true,"href":"https:\/\/uni-forma.hr\/en\/wp-json\/wp\/v2\/product_cat?post=18038"},{"taxonomy":"product_tag","embeddable":true,"href":"https:\/\/uni-forma.hr\/en\/wp-json\/wp\/v2\/product_tag?post=18038"}],"curies":[{"name":"wp","href":"https:\/\/api.w.org\/{rel}","templated":true}]}}