{"id":18139,"date":"2023-06-03T12:48:46","date_gmt":"2023-06-03T10:48:46","guid":{"rendered":"https:\/\/uni-forma.hr\/?post_type=product&#038;p=18139"},"modified":"2023-06-30T09:55:42","modified_gmt":"2023-06-30T07:55:42","slug":"zenska-kosulja-8","status":"publish","type":"product","link":"https:\/\/uni-forma.hr\/en\/product\/zenska-kosulja-8\/","title":{"rendered":"Women&#039;s Shirt"},"content":{"rendered":"<ul>\n<li>100% cotton<\/li>\n<li>Poplin fabric<\/li>\n<li>Collar without buttons<\/li>\n<li>2 patch pockets with front flap<\/li>\n<li>Adjustable cuffs with a pointed tab at the end<\/li>\n<li>Screw-on sleeves with button tab<\/li>\n<\/ul>","protected":false},"excerpt":{"rendered":"<ul>\n<li><span class=\"label\">g\/m<sup>2<\/sup>:<\/span>\u00a0120<\/li>\n<li><span class=\"label\">Brand: <\/span>CARIBBEAN<\/li>\n<li><span class=\"label\">Sizes: <\/span>XS \u2013 S \u2013 M \u2013 L \u2013 XL \u2013 2XL<\/li>\n<li><span class=\"label\">Country of origin:<\/span>Bangladesh<\/li>\n<li><span class=\"label\">Cloth: <\/span>100% Cotton <span class=\"badge label-default\">Poplin<\/span><\/li>\n<li><span class=\"label\">Neckline: <\/span>Long sleeve<span class=\"badge label-default\">Side seam<\/span><\/li>\n<li><span class=\"label\">Details: <\/span>0-140 g\/m2<\/li>\n<li><span class=\"label\">Maintenance marks:<\/span>\n<div id=\"product-carelabels\"><img loading=\"lazy\" decoding=\"async\" class=\"tooltipable\" title=\"\" src=\"https:\/\/utteam.com\/utt_img\/\/care-labels\/mw_40c.jpg\" width=\"33\" height=\"22\" data-toggle=\"tooltip\" data-original-title=\"Normal agitation at 40 \u00b0C\" \/><img loading=\"lazy\" decoding=\"async\" class=\"tooltipable\" title=\"\" src=\"https:\/\/utteam.com\/utt_img\/\/care-labels\/td_gentl.jpg\" width=\"17\" height=\"20\" data-toggle=\"tooltip\" data-original-title=\"Su\u0161enje u su\u0161ilici, nje\u017eno\" \/><img loading=\"lazy\" decoding=\"async\" class=\"tooltipable\" title=\"\" src=\"https:\/\/utteam.com\/utt_img\/\/care-labels\/ir_talll.jpg\" width=\"26\" height=\"21\" data-toggle=\"tooltip\" data-original-title=\"Gla\u010danje, niska temperatura\" \/><img loading=\"lazy\" decoding=\"async\" class=\"tooltipable\" title=\"\" src=\"https:\/\/utteam.com\/utt_img\/\/care-labels\/dc_donot.jpg\" width=\"31\" height=\"22\" data-toggle=\"tooltip\" data-original-title=\"Ne \u010distiti kemijski\" \/><img loading=\"lazy\" decoding=\"async\" class=\"tooltipable\" title=\"\" src=\"https:\/\/utteam.com\/utt_img\/\/care-labels\/bleach_dont.jpg\" width=\"28\" height=\"23\" data-toggle=\"tooltip\" data-original-title=\"Don't bleach\" \/><\/div>\n<\/li>\n<\/ul>\n<div id=\"product-taggrouping\"><\/div>","protected":false},"featured_media":18150,"comment_status":"open","ping_status":"closed","template":"","meta":[],"product_brand":[],"product_cat":[33,82],"product_tag":[],"class_list":{"0":"post-18139","1":"product","2":"type-product","3":"status-publish","4":"has-post-thumbnail","6":"product_cat-korporativna-odjeca","7":"product_cat-kosulje","9":"first","10":"instock","11":"taxable","12":"shipping-taxable","13":"purchasable","14":"product-type-variable"},"aioseo_notices":[],"_links":{"self":[{"href":"https:\/\/uni-forma.hr\/en\/wp-json\/wp\/v2\/product\/18139","targetHints":{"allow":["GET"]}}],"collection":[{"href":"https:\/\/uni-forma.hr\/en\/wp-json\/wp\/v2\/product"}],"about":[{"href":"https:\/\/uni-forma.hr\/en\/wp-json\/wp\/v2\/types\/product"}],"replies":[{"embeddable":true,"href":"https:\/\/uni-forma.hr\/en\/wp-json\/wp\/v2\/comments?post=18139"}],"version-history":[{"count":0,"href":"https:\/\/uni-forma.hr\/en\/wp-json\/wp\/v2\/product\/18139\/revisions"}],"wp:featuredmedia":[{"embeddable":true,"href":"https:\/\/uni-forma.hr\/en\/wp-json\/wp\/v2\/media\/18150"}],"wp:attachment":[{"href":"https:\/\/uni-forma.hr\/en\/wp-json\/wp\/v2\/media?parent=18139"}],"wp:term":[{"taxonomy":"product_brand","embeddable":true,"href":"https:\/\/uni-forma.hr\/en\/wp-json\/wp\/v2\/product_brand?post=18139"},{"taxonomy":"product_cat","embeddable":true,"href":"https:\/\/uni-forma.hr\/en\/wp-json\/wp\/v2\/product_cat?post=18139"},{"taxonomy":"product_tag","embeddable":true,"href":"https:\/\/uni-forma.hr\/en\/wp-json\/wp\/v2\/product_tag?post=18139"}],"curies":[{"name":"wp","href":"https:\/\/api.w.org\/{rel}","templated":true}]}}