{"id":18663,"date":"2023-06-03T15:23:09","date_gmt":"2023-06-03T13:23:09","guid":{"rendered":"https:\/\/uni-forma.hr\/?post_type=product&#038;p=18663"},"modified":"2023-06-30T10:01:38","modified_gmt":"2023-06-30T08:01:38","slug":"zenska-kosulja-16","status":"publish","type":"product","link":"https:\/\/uni-forma.hr\/en\/product\/zenska-kosulja-16\/","title":{"rendered":"Women&#039;s Shirt"},"content":{"rendered":"<ul>\n<li>QUALITY \u2013 OXFORD<\/li>\n<li>70% cotton \u2013 30% polyester<\/li>\n<li>130 gsm white<\/li>\n<li>Slim fit<\/li>\n<li>Long sleeves<\/li>\n<li>Classic collar<\/li>\n<li>Adjustable rounded cuffs<\/li>\n<li>Simple care<\/li>\n<\/ul>","protected":false},"excerpt":{"rendered":"<ul>\n<li><span class=\"label\">g\/m<sup>2<\/sup>:<\/span>\u00a0135<\/li>\n<li><span class=\"label\">Brand: <\/span>SOL&#039;S<\/li>\n<li><span class=\"label\">Sizes: <\/span>XS \u2013 S \u2013 M \u2013 L \u2013 XL \u2013 2XL<\/li>\n<li><span class=\"label\">Country of origin: <\/span>Bangladesh<\/li>\n<li><span class=\"label\">Cloth: <\/span>Cotton \/ polyester<span class=\"badge label-default\">Oxford<\/span><\/li>\n<li><span class=\"label\">Neckline: <\/span>Long sleeve<\/li>\n<li><span class=\"label\">Details: <\/span>0-140 g\/m2<span class=\"badge label-default\">Simple maintenance<\/span><\/li>\n<li><span class=\"label\">Season: <\/span>Winter<\/li>\n<li><span class=\"label\">Maintenance marks:<\/span>\n<div id=\"product-carelabels\"><img loading=\"lazy\" decoding=\"async\" class=\"tooltipable\" title=\"\" src=\"https:\/\/utteam.com\/utt_img\/\/care-labels\/mw_40c.jpg\" width=\"31\" height=\"21\" data-toggle=\"tooltip\" data-original-title=\"Normal agitation at 40 \u00b0C\" \/> <img loading=\"lazy\" decoding=\"async\" class=\"tooltipable\" title=\"\" src=\"https:\/\/utteam.com\/utt_img\/\/care-labels\/td_nor_l.jpg\" width=\"23\" height=\"23\" data-toggle=\"tooltip\" data-original-title=\"Normalno su\u0161enje u su\u0161ilici na niskoj temperaturi\" \/> <img loading=\"lazy\" decoding=\"async\" class=\"tooltipable\" title=\"\" src=\"https:\/\/utteam.com\/utt_img\/\/care-labels\/ir_tallm.jpg\" width=\"30\" height=\"24\" data-toggle=\"tooltip\" data-original-title=\"Gla\u010danje, srednja temperatura\" \/> <img loading=\"lazy\" decoding=\"async\" class=\"tooltipable\" title=\"\" src=\"https:\/\/utteam.com\/utt_img\/\/care-labels\/dc_p.jpg\" width=\"22\" height=\"23\" data-toggle=\"tooltip\" data-original-title=\"Kemijsko \u010di\u0161\u0107enje, otapaju\u0107i osim Trichloretylene\" \/> <img loading=\"lazy\" decoding=\"async\" class=\"tooltipable\" title=\"\" src=\"https:\/\/utteam.com\/utt_img\/\/care-labels\/bleach_dont.jpg\" width=\"28\" height=\"23\" data-toggle=\"tooltip\" data-original-title=\"Don't bleach\" aria-describedby=\"tooltip725701\" \/><\/div>\n<\/li>\n<\/ul>\n<div id=\"product-taggrouping\"><\/div>","protected":false},"featured_media":18694,"comment_status":"open","ping_status":"closed","template":"","meta":[],"product_brand":[],"product_cat":[33,82],"product_tag":[],"class_list":{"0":"post-18663","1":"product","2":"type-product","3":"status-publish","4":"has-post-thumbnail","6":"product_cat-korporativna-odjeca","7":"product_cat-kosulje","9":"first","10":"instock","11":"taxable","12":"shipping-taxable","13":"purchasable","14":"product-type-variable"},"aioseo_notices":[],"_links":{"self":[{"href":"https:\/\/uni-forma.hr\/en\/wp-json\/wp\/v2\/product\/18663","targetHints":{"allow":["GET"]}}],"collection":[{"href":"https:\/\/uni-forma.hr\/en\/wp-json\/wp\/v2\/product"}],"about":[{"href":"https:\/\/uni-forma.hr\/en\/wp-json\/wp\/v2\/types\/product"}],"replies":[{"embeddable":true,"href":"https:\/\/uni-forma.hr\/en\/wp-json\/wp\/v2\/comments?post=18663"}],"version-history":[{"count":0,"href":"https:\/\/uni-forma.hr\/en\/wp-json\/wp\/v2\/product\/18663\/revisions"}],"wp:featuredmedia":[{"embeddable":true,"href":"https:\/\/uni-forma.hr\/en\/wp-json\/wp\/v2\/media\/18694"}],"wp:attachment":[{"href":"https:\/\/uni-forma.hr\/en\/wp-json\/wp\/v2\/media?parent=18663"}],"wp:term":[{"taxonomy":"product_brand","embeddable":true,"href":"https:\/\/uni-forma.hr\/en\/wp-json\/wp\/v2\/product_brand?post=18663"},{"taxonomy":"product_cat","embeddable":true,"href":"https:\/\/uni-forma.hr\/en\/wp-json\/wp\/v2\/product_cat?post=18663"},{"taxonomy":"product_tag","embeddable":true,"href":"https:\/\/uni-forma.hr\/en\/wp-json\/wp\/v2\/product_tag?post=18663"}],"curies":[{"name":"wp","href":"https:\/\/api.w.org\/{rel}","templated":true}]}}