{"id":19856,"date":"2023-06-05T11:09:02","date_gmt":"2023-06-05T09:09:02","guid":{"rendered":"https:\/\/uni-forma.hr\/?post_type=product&#038;p=19856"},"modified":"2023-07-01T15:04:39","modified_gmt":"2023-07-01T13:04:39","slug":"zenski-dugi-pleteni-dzemer","status":"publish","type":"product","link":"https:\/\/uni-forma.hr\/en\/product\/zenski-dugi-pleteni-dzemer\/","title":{"rendered":"Women&#039;s long knitted jumper"},"content":{"rendered":"<ul>\n<li>Long cardigan with V-neck<\/li>\n<li>Seven-button fastening<\/li>\n<li>Two patch pockets on the front<\/li>\n<li>Ribbed trim at neck, cuffs and bottom hem Smooth knit<\/li>\n<li>Simple maintenance<\/li>\n<\/ul>","protected":false},"excerpt":{"rendered":"<ul>\n<li><span class=\"label\">Brand:<\/span>PRIME MINISTER<\/li>\n<li><span class=\"label\">Sizes: <\/span>XS \u2013 S \u2013 M \u2013 L \u2013 XL \u2013 2XL \u2013 3XL \u2013 4XL \u2013 5XL<\/li>\n<li><span class=\"label\">Country of origin: <\/span>Bangladesh<\/li>\n<\/ul>\n<div id=\"product-taggrouping\">\n<ul>\n<li class=\"taggrouping\"><span class=\"label\">Cloth: <\/span>Cotton \/ acrylic<\/li>\n<li class=\"taggrouping\"><span class=\"label\">Neckline: <\/span>Long sleeve<\/li>\n<li class=\"taggrouping\"><span class=\"badge label-default\">V-neckline<\/span><\/li>\n<li class=\"taggrouping\"><span class=\"badge label-default\">Side seam<\/span><\/li>\n<li class=\"taggrouping\"><span class=\"badge label-default\">Pocket<\/span><\/li>\n<li class=\"care-labels\"><span class=\"label\">Maintenance marks:<\/span>\n<div id=\"product-carelabels\"><img loading=\"lazy\" decoding=\"async\" class=\"tooltipable\" title=\"\" src=\"https:\/\/utteam.com\/utt_img\/\/care-labels\/mw_40c_mild.jpg\" width=\"34\" height=\"27\" data-toggle=\"tooltip\" data-original-title=\"Mild agitation at 40 \u00b0C\" \/> <img loading=\"lazy\" decoding=\"async\" class=\"tooltipable\" title=\"\" src=\"https:\/\/utteam.com\/utt_img\/\/care-labels\/td_nor_l.jpg\" width=\"27\" height=\"27\" data-toggle=\"tooltip\" data-original-title=\"Normalno su\u0161enje u su\u0161ilici na niskoj temperaturi\" \/> <img loading=\"lazy\" decoding=\"async\" class=\"tooltipable\" title=\"\" src=\"https:\/\/utteam.com\/utt_img\/\/care-labels\/ir_talll.jpg\" width=\"33\" height=\"27\" data-toggle=\"tooltip\" data-original-title=\"Gla\u010danje, niska temperatura\" \/> <img loading=\"lazy\" decoding=\"async\" class=\"tooltipable\" title=\"\" src=\"https:\/\/utteam.com\/utt_img\/\/care-labels\/dc_p.jpg\" width=\"26\" height=\"27\" data-toggle=\"tooltip\" data-original-title=\"Kemijsko \u010di\u0161\u0107enje, otapaju\u0107i osim Trichloretylene\" \/> <img loading=\"lazy\" decoding=\"async\" class=\"tooltipable\" title=\"\" src=\"https:\/\/utteam.com\/utt_img\/\/care-labels\/bleach_dont.jpg\" width=\"34\" height=\"28\" data-toggle=\"tooltip\" data-original-title=\"Don't bleach\" \/><\/div>\n<\/li>\n<\/ul>\n<\/div>","protected":false},"featured_media":19875,"comment_status":"open","ping_status":"closed","template":"","meta":[],"product_brand":[],"product_cat":[33,86],"product_tag":[],"class_list":{"0":"post-19856","1":"product","2":"type-product","3":"status-publish","4":"has-post-thumbnail","6":"product_cat-korporativna-odjeca","7":"product_cat-veste","9":"first","10":"instock","11":"taxable","12":"shipping-taxable","13":"purchasable","14":"product-type-variable"},"aioseo_notices":[],"_links":{"self":[{"href":"https:\/\/uni-forma.hr\/en\/wp-json\/wp\/v2\/product\/19856","targetHints":{"allow":["GET"]}}],"collection":[{"href":"https:\/\/uni-forma.hr\/en\/wp-json\/wp\/v2\/product"}],"about":[{"href":"https:\/\/uni-forma.hr\/en\/wp-json\/wp\/v2\/types\/product"}],"replies":[{"embeddable":true,"href":"https:\/\/uni-forma.hr\/en\/wp-json\/wp\/v2\/comments?post=19856"}],"version-history":[{"count":0,"href":"https:\/\/uni-forma.hr\/en\/wp-json\/wp\/v2\/product\/19856\/revisions"}],"wp:featuredmedia":[{"embeddable":true,"href":"https:\/\/uni-forma.hr\/en\/wp-json\/wp\/v2\/media\/19875"}],"wp:attachment":[{"href":"https:\/\/uni-forma.hr\/en\/wp-json\/wp\/v2\/media?parent=19856"}],"wp:term":[{"taxonomy":"product_brand","embeddable":true,"href":"https:\/\/uni-forma.hr\/en\/wp-json\/wp\/v2\/product_brand?post=19856"},{"taxonomy":"product_cat","embeddable":true,"href":"https:\/\/uni-forma.hr\/en\/wp-json\/wp\/v2\/product_cat?post=19856"},{"taxonomy":"product_tag","embeddable":true,"href":"https:\/\/uni-forma.hr\/en\/wp-json\/wp\/v2\/product_tag?post=19856"}],"curies":[{"name":"wp","href":"https:\/\/api.w.org\/{rel}","templated":true}]}}