{"id":20943,"date":"2023-06-12T20:05:08","date_gmt":"2023-06-12T18:05:08","guid":{"rendered":"https:\/\/uni-forma.hr\/?post_type=product&#038;p=20943"},"modified":"2023-07-01T15:24:02","modified_gmt":"2023-07-01T13:24:02","slug":"kuharska-bluza-kratkih-rukava-sa-zipom","status":"publish","type":"product","link":"https:\/\/uni-forma.hr\/en\/product\/kuharska-bluza-kratkih-rukava-sa-zipom\/","title":{"rendered":"Chef blouse with short sleeves with zip"},"content":{"rendered":"<ul>\n<li>Cloth<br \/>\n65% polyester, 35% cotton twill<\/li>\n<li>White \u2013 170gsm<\/li>\n<li>Denim \u2013 230gsm<\/li>\n<li>Features<br \/>\nDouble pen pocket on left sleeve<\/li>\n<li>Fastening with a zipper<\/li>\n<li>Mandarin collar<\/li>\n<li>Underarm fabric variations<\/li>\n<li>Simple care<\/li>\n<\/ul>","protected":false},"excerpt":{"rendered":"<ul>\n<li><span class=\"label\">g\/m<sup>2<\/sup>:<\/span>\u00a0170<\/li>\n<li><span class=\"label\">Brand: <\/span>PRIME MINISTER<\/li>\n<li><span class=\"label\">Sizes: <\/span>XS \u2013 S \u2013 M \u2013 L \u2013 XL \u2013 2XL<\/li>\n<li><span class=\"label\">Country of origin: <\/span>Bangladesh<\/li>\n<\/ul>\n<div id=\"product-taggrouping\">\n<ul>\n<li class=\"taggrouping\"><span class=\"label\">Cloth: <\/span>Polyester \/ cotton<span class=\"badge label-default\">Twill<\/span><\/li>\n<li class=\"taggrouping\"><span class=\"label\">Cut out<\/span><\/li>\n<li class=\"taggrouping\">Short sleeve<\/li>\n<li class=\"taggrouping\">\n<div><span class=\"badge label-default\">Side seam<\/span><\/div>\n<\/li>\n<li class=\"taggrouping\">\n<div><span class=\"badge label-default\">Pocket<\/span><span class=\"badge label-default\">Full Zip<\/span><\/div>\n<\/li>\n<li class=\"taggrouping\"><span class=\"label\">Details:<\/span>\n<div><span class=\"badge label-default\">170-199 g\/m2<\/span><span class=\"badge label-default\">Simple maintenance<\/span><\/div>\n<\/li>\n<li class=\"taggrouping\">\n<div><span class=\"badge label-default\">Chefswear<\/span><\/div>\n<\/li>\n<li class=\"care-labels\"><span class=\"label\">Maintenance marks:<\/span>\n<div id=\"product-carelabels\"><img loading=\"lazy\" decoding=\"async\" class=\"tooltipable\" title=\"\" src=\"https:\/\/utteam.com\/utt_img\/\/care-labels\/mw_60c_mild.jpg\" width=\"33\" height=\"26\" data-toggle=\"tooltip\" data-original-title=\"Mild agitation at 60 \u00b0C\" \/> <img loading=\"lazy\" decoding=\"async\" class=\"tooltipable\" title=\"\" src=\"https:\/\/utteam.com\/utt_img\/\/care-labels\/td_nor_l.jpg\" width=\"25\" height=\"25\" data-toggle=\"tooltip\" data-original-title=\"Normalno su\u0161enje u su\u0161ilici na niskoj temperaturi\" \/> <img loading=\"lazy\" decoding=\"async\" class=\"tooltipable\" title=\"\" src=\"https:\/\/utteam.com\/utt_img\/\/care-labels\/ir_tallm.jpg\" width=\"30\" height=\"24\" data-toggle=\"tooltip\" data-original-title=\"Gla\u010danje, srednja temperatura\" \/> <img loading=\"lazy\" decoding=\"async\" class=\"tooltipable\" title=\"\" src=\"https:\/\/utteam.com\/utt_img\/\/care-labels\/dc_p.jpg\" width=\"22\" height=\"23\" data-toggle=\"tooltip\" data-original-title=\"Kemijsko \u010di\u0161\u0107enje, otapaju\u0107i osim Trichloretylene\" \/> <img loading=\"lazy\" decoding=\"async\" class=\"tooltipable\" title=\"\" src=\"https:\/\/utteam.com\/utt_img\/\/care-labels\/bleach_dont.jpg\" width=\"29\" height=\"24\" data-toggle=\"tooltip\" data-original-title=\"Don't bleach\" aria-describedby=\"tooltip60885\" \/><\/div>\n<\/li>\n<\/ul>\n<\/div>","protected":false},"featured_media":20956,"comment_status":"open","ping_status":"closed","template":"","meta":[],"product_brand":[],"product_cat":[54,130],"product_tag":[],"class_list":{"0":"post-20943","1":"product","2":"type-product","3":"status-publish","4":"has-post-thumbnail","6":"product_cat-horeca","7":"product_cat-kuharska-odjeca","9":"first","10":"instock","11":"taxable","12":"shipping-taxable","13":"purchasable","14":"product-type-variable"},"aioseo_notices":[],"_links":{"self":[{"href":"https:\/\/uni-forma.hr\/en\/wp-json\/wp\/v2\/product\/20943","targetHints":{"allow":["GET"]}}],"collection":[{"href":"https:\/\/uni-forma.hr\/en\/wp-json\/wp\/v2\/product"}],"about":[{"href":"https:\/\/uni-forma.hr\/en\/wp-json\/wp\/v2\/types\/product"}],"replies":[{"embeddable":true,"href":"https:\/\/uni-forma.hr\/en\/wp-json\/wp\/v2\/comments?post=20943"}],"version-history":[{"count":0,"href":"https:\/\/uni-forma.hr\/en\/wp-json\/wp\/v2\/product\/20943\/revisions"}],"wp:featuredmedia":[{"embeddable":true,"href":"https:\/\/uni-forma.hr\/en\/wp-json\/wp\/v2\/media\/20956"}],"wp:attachment":[{"href":"https:\/\/uni-forma.hr\/en\/wp-json\/wp\/v2\/media?parent=20943"}],"wp:term":[{"taxonomy":"product_brand","embeddable":true,"href":"https:\/\/uni-forma.hr\/en\/wp-json\/wp\/v2\/product_brand?post=20943"},{"taxonomy":"product_cat","embeddable":true,"href":"https:\/\/uni-forma.hr\/en\/wp-json\/wp\/v2\/product_cat?post=20943"},{"taxonomy":"product_tag","embeddable":true,"href":"https:\/\/uni-forma.hr\/en\/wp-json\/wp\/v2\/product_tag?post=20943"}],"curies":[{"name":"wp","href":"https:\/\/api.w.org\/{rel}","templated":true}]}}