{"id":21298,"date":"2023-06-13T21:08:16","date_gmt":"2023-06-13T19:08:16","guid":{"rendered":"https:\/\/uni-forma.hr\/?post_type=product&#038;p=21298"},"modified":"2025-04-25T12:10:50","modified_gmt":"2025-04-25T10:10:50","slug":"kuharska-majica-mrezasta-leda","status":"publish","type":"product","link":"https:\/\/uni-forma.hr\/en\/product\/kuharska-majica-mrezasta-leda\/","title":{"rendered":"Chef shirt - mesh back"},"content":{"rendered":"<ul>\n<li>Mesh insert on the back for air circulation<\/li>\n<li>Underarm openings for air circulation<\/li>\n<li>Pen pocket on the left sleeve<\/li>\n<li>Round neckline<\/li>\n<li>Contemporary look<\/li>\n<li>Simple maintenance<\/li>\n<\/ul>","protected":false},"excerpt":{"rendered":"<ul>\n<li><span class=\"label\">g\/m<sup>2<\/sup>:<\/span>\u00a0135<\/li>\n<li><span class=\"label\">Brand: <\/span>PRIME MINISTER<\/li>\n<li><span class=\"label\">Sizes: <\/span>XS \u2013 S \u2013 M \u2013 L \u2013 XL \u2013 2XL \u2013 3XL<\/li>\n<li><span class=\"label\">Country of origin: <\/span>China<\/li>\n<\/ul>\n<div id=\"product-taggrouping\">\n<ul>\n<li class=\"taggrouping\"><span class=\"label\">Cloth: <\/span>100% Polyester<\/li>\n<li class=\"taggrouping\"><span class=\"label\">Neckline: <\/span>Short sleeve<\/li>\n<li class=\"taggrouping\"><span class=\"badge label-default\">Round neckline<\/span><\/li>\n<li class=\"taggrouping\"><span class=\"badge label-default\">Side seam<\/span><\/li>\n<li class=\"taggrouping\"><span class=\"badge label-default\">Fitted<\/span><span class=\"badge label-default\">Pocket<\/span><\/li>\n<li class=\"taggrouping\"><span class=\"label\">Details:<\/span>\n<div><span class=\"badge label-default\">0-140 g\/m2<\/span><\/div>\n<\/li>\n<li class=\"taggrouping\">\n<div><span class=\"badge label-default\">Sublimation<\/span><\/div>\n<\/li>\n<li class=\"taggrouping\">\n<div><span class=\"badge label-default\">Airy<\/span><\/div>\n<\/li>\n<li class=\"taggrouping\">\n<div><span class=\"badge label-default\">Quick drying<\/span><\/div>\n<\/li>\n<li class=\"taggrouping\">\n<div><span class=\"badge label-default\">Chefswear<\/span><\/div>\n<\/li>\n<li class=\"care-labels\"><span class=\"label\">Maintenance marks:<\/span>\n<div id=\"product-carelabels\"><img loading=\"lazy\" decoding=\"async\" class=\"tooltipable\" title=\"\" src=\"https:\/\/utteam.com\/utt_img\/\/care-labels\/mw_40c_mild.jpg\" width=\"38\" height=\"30\" data-toggle=\"tooltip\" data-original-title=\"Mild agitation at 40 \u00b0C\" \/> <img loading=\"lazy\" decoding=\"async\" class=\"tooltipable\" title=\"\" src=\"https:\/\/utteam.com\/utt_img\/\/care-labels\/td_donot.jpg\" width=\"42\" height=\"29\" data-toggle=\"tooltip\" data-original-title=\"Ne su\u0161iti u su\u0161ilici\" \/> <img loading=\"lazy\" decoding=\"async\" class=\"tooltipable\" title=\"\" src=\"https:\/\/utteam.com\/utt_img\/\/care-labels\/ir_talll.jpg\" width=\"32\" height=\"26\" data-toggle=\"tooltip\" data-original-title=\"Gla\u010danje, niska temperatura\" \/> <img loading=\"lazy\" decoding=\"async\" class=\"tooltipable\" title=\"\" src=\"https:\/\/utteam.com\/utt_img\/\/care-labels\/dc_p.jpg\" width=\"27\" height=\"28\" data-toggle=\"tooltip\" data-original-title=\"Kemijsko \u010di\u0161\u0107enje, otapaju\u0107i osim Trichloretylene\" \/> <img loading=\"lazy\" decoding=\"async\" class=\"tooltipable\" title=\"\" src=\"https:\/\/utteam.com\/utt_img\/\/care-labels\/bleach_dont.jpg\" width=\"35\" height=\"29\" data-toggle=\"tooltip\" data-original-title=\"Don't bleach\" \/><\/div>\n<\/li>\n<\/ul>\n<\/div>","protected":false},"featured_media":21313,"comment_status":"open","ping_status":"closed","template":"","meta":[],"product_brand":[],"product_cat":[54,130],"product_tag":[],"class_list":{"0":"post-21298","1":"product","2":"type-product","3":"status-publish","4":"has-post-thumbnail","6":"product_cat-horeca","7":"product_cat-kuharska-odjeca","9":"first","10":"instock","11":"taxable","12":"shipping-taxable","13":"purchasable","14":"product-type-variable"},"aioseo_notices":[],"_links":{"self":[{"href":"https:\/\/uni-forma.hr\/en\/wp-json\/wp\/v2\/product\/21298","targetHints":{"allow":["GET"]}}],"collection":[{"href":"https:\/\/uni-forma.hr\/en\/wp-json\/wp\/v2\/product"}],"about":[{"href":"https:\/\/uni-forma.hr\/en\/wp-json\/wp\/v2\/types\/product"}],"replies":[{"embeddable":true,"href":"https:\/\/uni-forma.hr\/en\/wp-json\/wp\/v2\/comments?post=21298"}],"version-history":[{"count":0,"href":"https:\/\/uni-forma.hr\/en\/wp-json\/wp\/v2\/product\/21298\/revisions"}],"wp:featuredmedia":[{"embeddable":true,"href":"https:\/\/uni-forma.hr\/en\/wp-json\/wp\/v2\/media\/21313"}],"wp:attachment":[{"href":"https:\/\/uni-forma.hr\/en\/wp-json\/wp\/v2\/media?parent=21298"}],"wp:term":[{"taxonomy":"product_brand","embeddable":true,"href":"https:\/\/uni-forma.hr\/en\/wp-json\/wp\/v2\/product_brand?post=21298"},{"taxonomy":"product_cat","embeddable":true,"href":"https:\/\/uni-forma.hr\/en\/wp-json\/wp\/v2\/product_cat?post=21298"},{"taxonomy":"product_tag","embeddable":true,"href":"https:\/\/uni-forma.hr\/en\/wp-json\/wp\/v2\/product_tag?post=21298"}],"curies":[{"name":"wp","href":"https:\/\/api.w.org\/{rel}","templated":true}]}}