{"id":22138,"date":"2023-06-19T21:10:32","date_gmt":"2023-06-19T19:10:32","guid":{"rendered":"https:\/\/uni-forma.hr\/?post_type=product&#038;p=22138"},"modified":"2026-02-02T10:15:41","modified_gmt":"2026-02-02T09:15:41","slug":"muska-pregaca-4","status":"publish","type":"product","link":"https:\/\/uni-forma.hr\/en\/product\/muska-pregaca-4\/","title":{"rendered":"Prega\u010da  &#8216;CHINO\u2019 BIB APRON PR132"},"content":{"rendered":"<ul>\n<li>Chest pocket<\/li>\n<li>Neck strap with buckle and snap fastener<\/li>\n<li>Top pocket: width 13 cm, depth 16 cm<\/li>\n<li>Bottom pockets: width 18 cm, depth 20 cm<\/li>\n<li>Also available as a waist apron under the code PR133 &quot;Chino&quot;<\/li>\n<\/ul>","protected":false},"excerpt":{"rendered":"<ul>\n<li><span class=\"label\">g\/m<sup>2<\/sup>:<\/span>\u00a0235<\/li>\n<li><span class=\"label\">Brand: <\/span>PRIME MINISTER<\/li>\n<li><span class=\"label\">Sizes:<\/span>IN<\/li>\n<li><span class=\"label\">Country of origin: <\/span>Bangladesh<\/li>\n<\/ul>\n<div id=\"product-taggrouping\">\n<ul>\n<li class=\"taggrouping\"><span class=\"label\">Cloth: <\/span>100% Cotton<\/li>\n<li class=\"taggrouping\"><span class=\"label\">Neckline: <\/span>Pocket<\/li>\n<li class=\"taggrouping\"><span class=\"label\">Details: <\/span>220-299 g\/m2<\/li>\n<li class=\"taggrouping\"><span class=\"badge label-default\">Washable at 60\u00b0C<\/span><\/li>\n<li class=\"taggrouping\"><span class=\"badge label-default\">Plastic buckle<\/span><\/li>\n<li class=\"care-labels\"><span class=\"label\">Maintenance marks:<\/span>\n<div id=\"product-carelabels\"><img loading=\"lazy\" decoding=\"async\" class=\"tooltipable\" title=\"\" src=\"https:\/\/utteam.com\/utt_img\/\/care-labels\/mw_60c_mild.jpg\" width=\"44\" height=\"35\" data-toggle=\"tooltip\" data-original-title=\"Mild agitation at 60 \u00b0C\" \/> <img loading=\"lazy\" decoding=\"async\" class=\"tooltipable\" title=\"\" src=\"https:\/\/utteam.com\/utt_img\/\/care-labels\/iw_85c_mild.jpg\" width=\"44\" height=\"35\" data-toggle=\"tooltip\" data-original-title=\"Industrial wash with mild agitation at 85 \u00b0C\" \/> <img loading=\"lazy\" decoding=\"async\" class=\"tooltipable\" title=\"\" src=\"https:\/\/utteam.com\/utt_img\/\/care-labels\/td_nor_l.jpg\" width=\"37\" height=\"37\" data-toggle=\"tooltip\" data-original-title=\"Normalno su\u0161enje u su\u0161ilici na niskoj temperaturi\" \/> <img loading=\"lazy\" decoding=\"async\" class=\"tooltipable\" title=\"\" src=\"https:\/\/utteam.com\/utt_img\/\/care-labels\/ir_talll.jpg\" width=\"43\" height=\"35\" data-toggle=\"tooltip\" data-original-title=\"Gla\u010danje, niska temperatura\" \/> <img loading=\"lazy\" decoding=\"async\" class=\"tooltipable\" title=\"\" src=\"https:\/\/utteam.com\/utt_img\/\/care-labels\/dc_p.jpg\" width=\"34\" height=\"35\" data-toggle=\"tooltip\" data-original-title=\"Kemijsko \u010di\u0161\u0107enje, otapaju\u0107i osim Trichloretylene\" \/> <img loading=\"lazy\" decoding=\"async\" class=\"tooltipable\" title=\"\" src=\"https:\/\/utteam.com\/utt_img\/\/care-labels\/bleach_dont.jpg\" width=\"45\" height=\"37\" data-toggle=\"tooltip\" data-original-title=\"Don't bleach\" \/><\/div>\n<div class=\"clearfix\"><\/div>\n<\/li>\n<li class=\"care-labels\"><span class=\"label\">Certificate:<\/span>\n<div><a href=\"https:\/\/utteam.com\/hr\/info\/certifications?#cert-315\"><img decoding=\"async\" class=\"tooltipable\" title=\"\" src=\"https:\/\/utteam.com\/utt_img\/\/certificates\/650.png\" data-toggle=\"tooltip\" data-original-title=\"Worldwide Responsible Accredited Production (WRAP)\" \/><\/a><a href=\"https:\/\/utteam.com\/hr\/info\/certifications?#cert-316\"><img decoding=\"async\" class=\"tooltipable\" title=\"\" src=\"https:\/\/utteam.com\/utt_img\/\/certificates\/651.png\" data-toggle=\"tooltip\" data-original-title=\"amfori Business Social Compliance Initiative (BSCI)\" \/><\/a><a href=\"https:\/\/utteam.com\/hr\/info\/certifications?#cert-317\"><img decoding=\"async\" class=\"tooltipable\" title=\"\" src=\"https:\/\/utteam.com\/utt_img\/\/certificates\/652.png\" data-toggle=\"tooltip\" data-original-title=\"Sedex\" \/><\/a><a href=\"https:\/\/utteam.com\/hr\/info\/certifications?#cert-318\"><img decoding=\"async\" class=\"tooltipable\" title=\"\" src=\"https:\/\/utteam.com\/utt_img\/\/certificates\/653.png\" data-toggle=\"tooltip\" data-original-title=\"OEKO-TEX\u00ae Standard 100\" \/><\/a><\/div>\n<\/li>\n<\/ul>\n<\/div>","protected":false},"featured_media":22143,"comment_status":"open","ping_status":"closed","template":"","meta":[],"product_brand":[],"product_cat":[54,131],"product_tag":[],"class_list":{"0":"post-22138","1":"product","2":"type-product","3":"status-publish","4":"has-post-thumbnail","6":"product_cat-horeca","7":"product_cat-pregace","9":"first","10":"instock","11":"taxable","12":"shipping-taxable","13":"purchasable","14":"product-type-variable"},"aioseo_notices":[],"_links":{"self":[{"href":"https:\/\/uni-forma.hr\/en\/wp-json\/wp\/v2\/product\/22138","targetHints":{"allow":["GET"]}}],"collection":[{"href":"https:\/\/uni-forma.hr\/en\/wp-json\/wp\/v2\/product"}],"about":[{"href":"https:\/\/uni-forma.hr\/en\/wp-json\/wp\/v2\/types\/product"}],"replies":[{"embeddable":true,"href":"https:\/\/uni-forma.hr\/en\/wp-json\/wp\/v2\/comments?post=22138"}],"version-history":[{"count":2,"href":"https:\/\/uni-forma.hr\/en\/wp-json\/wp\/v2\/product\/22138\/revisions"}],"predecessor-version":[{"id":42551,"href":"https:\/\/uni-forma.hr\/en\/wp-json\/wp\/v2\/product\/22138\/revisions\/42551"}],"wp:featuredmedia":[{"embeddable":true,"href":"https:\/\/uni-forma.hr\/en\/wp-json\/wp\/v2\/media\/22143"}],"wp:attachment":[{"href":"https:\/\/uni-forma.hr\/en\/wp-json\/wp\/v2\/media?parent=22138"}],"wp:term":[{"taxonomy":"product_brand","embeddable":true,"href":"https:\/\/uni-forma.hr\/en\/wp-json\/wp\/v2\/product_brand?post=22138"},{"taxonomy":"product_cat","embeddable":true,"href":"https:\/\/uni-forma.hr\/en\/wp-json\/wp\/v2\/product_cat?post=22138"},{"taxonomy":"product_tag","embeddable":true,"href":"https:\/\/uni-forma.hr\/en\/wp-json\/wp\/v2\/product_tag?post=22138"}],"curies":[{"name":"wp","href":"https:\/\/api.w.org\/{rel}","templated":true}]}}