{"id":22189,"date":"2023-06-19T21:41:05","date_gmt":"2023-06-19T19:41:05","guid":{"rendered":"https:\/\/uni-forma.hr\/?post_type=product&#038;p=22189"},"modified":"2026-02-02T10:13:20","modified_gmt":"2026-02-02T09:13:20","slug":"muska-pregaca-6","status":"publish","type":"product","link":"https:\/\/uni-forma.hr\/en\/product\/muska-pregaca-6\/","title":{"rendered":"Prega\u010da  &#8216;DOMAIN&#8217; CONTRAST DENIM BIB APRON PR127"},"content":{"rendered":"<ul>\n<li>Metal buckle on the neck strap for length adjustment<\/li>\n<li>Central pocket with contrasting piping and a separate pen compartment<\/li>\n<li>Contrasting color upper center pocket<\/li>\n<li>Canvas laces in a contrasting color, 100 cm long, with metal eyelets for tying<\/li>\n<li>Chest pocket: width 13 cm, depth 11.5 cm<\/li>\n<li>Waist pocket: width 36 cm, depth 17 cm<\/li>\n<li>Also available as a short apron under the code PR128 &quot;Domain&quot;<\/li>\n<\/ul>","protected":false},"excerpt":{"rendered":"<ul>\n<li><span class=\"label\">g\/m<sup>2<\/sup>:<\/span>\u00a0275<\/li>\n<li><span class=\"label\">Brand: <\/span>PRIME MINISTER<\/li>\n<li><span class=\"label\">Sizes: <\/span>IN<\/li>\n<li><span class=\"label\">Country of origin: <\/span>Bangladesh<\/li>\n<\/ul>\n<div id=\"product-taggrouping\">\n<ul>\n<li class=\"taggrouping\"><span class=\"label\">Cloth: <\/span>Cotton \/ polyester<\/li>\n<li class=\"taggrouping\"><span class=\"label\">Neckline: <\/span>Pocket<\/li>\n<li class=\"taggrouping\"><span class=\"label\">Details: <\/span>220-299 g\/m2<\/li>\n<li class=\"taggrouping\"><span class=\"badge label-default\">Washable at 60\u00b0C<\/span><\/li>\n<li class=\"taggrouping\"><span class=\"badge label-default\">Metal buckle<\/span><\/li>\n<li class=\"care-labels\"><span class=\"label\">Maintenance marks:<\/span>\n<div id=\"product-carelabels\"><img loading=\"lazy\" decoding=\"async\" class=\"tooltipable\" title=\"\" src=\"https:\/\/utteam.com\/utt_img\/\/care-labels\/mw_60c_mild.jpg\" width=\"34\" height=\"27\" data-toggle=\"tooltip\" data-original-title=\"Mild agitation at 60 \u00b0C\" \/> <img loading=\"lazy\" decoding=\"async\" class=\"tooltipable\" title=\"\" src=\"https:\/\/utteam.com\/utt_img\/\/care-labels\/iw_85c_mild.jpg\" width=\"34\" height=\"27\" data-toggle=\"tooltip\" data-original-title=\"Industrial wash with mild agitation at 85 \u00b0C\" \/> <img loading=\"lazy\" decoding=\"async\" class=\"tooltipable\" title=\"\" src=\"https:\/\/utteam.com\/utt_img\/\/care-labels\/td_nor_l.jpg\" width=\"28\" height=\"28\" data-toggle=\"tooltip\" data-original-title=\"Normalno su\u0161enje u su\u0161ilici na niskoj temperaturi\" \/> <img loading=\"lazy\" decoding=\"async\" class=\"tooltipable\" title=\"\" src=\"https:\/\/utteam.com\/utt_img\/\/care-labels\/ir_talll.jpg\" width=\"36\" height=\"29\" data-toggle=\"tooltip\" data-original-title=\"Gla\u010danje, niska temperatura\" \/> <img loading=\"lazy\" decoding=\"async\" class=\"tooltipable\" title=\"\" src=\"https:\/\/utteam.com\/utt_img\/\/care-labels\/dc_p.jpg\" width=\"28\" height=\"29\" data-toggle=\"tooltip\" data-original-title=\"Kemijsko \u010di\u0161\u0107enje, otapaju\u0107i osim Trichloretylene\" \/> <img loading=\"lazy\" decoding=\"async\" class=\"tooltipable\" title=\"\" src=\"https:\/\/utteam.com\/utt_img\/\/care-labels\/bleach_dont.jpg\" width=\"35\" height=\"29\" data-toggle=\"tooltip\" data-original-title=\"Don't bleach\" \/><\/div>\n<div class=\"clearfix\"><\/div>\n<\/li>\n<li class=\"care-labels\"><span class=\"label\">Certificate:<\/span>\n<div><a href=\"https:\/\/utteam.com\/hr\/info\/certifications?#cert-315\"><img decoding=\"async\" class=\"tooltipable\" title=\"\" src=\"https:\/\/utteam.com\/utt_img\/\/certificates\/650.png\" data-toggle=\"tooltip\" data-original-title=\"Worldwide Responsible Accredited Production (WRAP)\" \/><\/a><a href=\"https:\/\/utteam.com\/hr\/info\/certifications?#cert-316\"><img decoding=\"async\" class=\"tooltipable\" title=\"\" src=\"https:\/\/utteam.com\/utt_img\/\/certificates\/651.png\" data-toggle=\"tooltip\" data-original-title=\"amfori Business Social Compliance Initiative (BSCI)\" \/><\/a><a href=\"https:\/\/utteam.com\/hr\/info\/certifications?#cert-317\"><img decoding=\"async\" class=\"tooltipable\" title=\"\" src=\"https:\/\/utteam.com\/utt_img\/\/certificates\/652.png\" data-toggle=\"tooltip\" data-original-title=\"Sedex\" \/><\/a><a href=\"https:\/\/utteam.com\/hr\/info\/certifications?#cert-318\"><img decoding=\"async\" class=\"tooltipable\" title=\"\" src=\"https:\/\/utteam.com\/utt_img\/\/certificates\/653.png\" data-toggle=\"tooltip\" data-original-title=\"OEKO-TEX\u00ae Standard 100\" \/><\/a><\/div>\n<\/li>\n<\/ul>\n<\/div>","protected":false},"featured_media":22192,"comment_status":"open","ping_status":"closed","template":"","meta":[],"product_brand":[],"product_cat":[54,131],"product_tag":[],"class_list":{"0":"post-22189","1":"product","2":"type-product","3":"status-publish","4":"has-post-thumbnail","6":"product_cat-horeca","7":"product_cat-pregace","9":"first","10":"instock","11":"taxable","12":"shipping-taxable","13":"purchasable","14":"product-type-variable"},"aioseo_notices":[],"_links":{"self":[{"href":"https:\/\/uni-forma.hr\/en\/wp-json\/wp\/v2\/product\/22189","targetHints":{"allow":["GET"]}}],"collection":[{"href":"https:\/\/uni-forma.hr\/en\/wp-json\/wp\/v2\/product"}],"about":[{"href":"https:\/\/uni-forma.hr\/en\/wp-json\/wp\/v2\/types\/product"}],"replies":[{"embeddable":true,"href":"https:\/\/uni-forma.hr\/en\/wp-json\/wp\/v2\/comments?post=22189"}],"version-history":[{"count":2,"href":"https:\/\/uni-forma.hr\/en\/wp-json\/wp\/v2\/product\/22189\/revisions"}],"predecessor-version":[{"id":42549,"href":"https:\/\/uni-forma.hr\/en\/wp-json\/wp\/v2\/product\/22189\/revisions\/42549"}],"wp:featuredmedia":[{"embeddable":true,"href":"https:\/\/uni-forma.hr\/en\/wp-json\/wp\/v2\/media\/22192"}],"wp:attachment":[{"href":"https:\/\/uni-forma.hr\/en\/wp-json\/wp\/v2\/media?parent=22189"}],"wp:term":[{"taxonomy":"product_brand","embeddable":true,"href":"https:\/\/uni-forma.hr\/en\/wp-json\/wp\/v2\/product_brand?post=22189"},{"taxonomy":"product_cat","embeddable":true,"href":"https:\/\/uni-forma.hr\/en\/wp-json\/wp\/v2\/product_cat?post=22189"},{"taxonomy":"product_tag","embeddable":true,"href":"https:\/\/uni-forma.hr\/en\/wp-json\/wp\/v2\/product_tag?post=22189"}],"curies":[{"name":"wp","href":"https:\/\/api.w.org\/{rel}","templated":true}]}}