{"id":39201,"date":"2025-09-29T19:48:54","date_gmt":"2025-09-29T17:48:54","guid":{"rendered":"https:\/\/uni-forma.hr\/?post_type=product&#038;p=39201"},"modified":"2025-09-29T19:59:35","modified_gmt":"2025-09-29T17:59:35","slug":"radna-jakna-pacific-flex","status":"publish","type":"product","link":"https:\/\/uni-forma.hr\/en\/product\/radna-jakna-pacific-flex\/","title":{"rendered":"Radna jakna PACIFIC FLEX"},"content":{"rendered":"<p>Rastezljiva radna jakna PACIFIC FLEX kroja koji savr\u0161eno pristaje. Ima visoki ovratnik, 7 funkcionalnih d\u017eepova. Zatvara se patent zatvara\u010dem, rukavi anatomski oblikovani, CORDURA poja\u010danja d\u017eepova, reflektiraju\u0107i print. U\u017ei, ergonomski kroj.<\/p>","protected":false},"excerpt":{"rendered":"<p>Material:<\/p>\n<ul>\n<li>64% poliester<\/li>\n<li>34,5% pamuk<\/li>\n<li>1,5% elastan<\/li>\n<li>245g\/m2<\/li>\n<\/ul>\n<p>Boja: siva<br \/>\nVeli\u010dina: 46-64<br \/>\nStandard: EN 13688<\/p>","protected":false},"featured_media":39256,"comment_status":"open","ping_status":"closed","template":"","meta":[],"product_brand":[],"product_cat":[97,98,21],"product_tag":[],"class_list":{"0":"post-39201","1":"product","2":"type-product","3":"status-publish","4":"has-post-thumbnail","6":"product_cat-odjeca-zastitna","7":"product_cat-radne-bluze","8":"product_cat-zastitna-odjeca-obuca-oprema","9":"pa_velicina-167","10":"pa_velicina-168","11":"pa_velicina-169","12":"pa_velicina-176","13":"pa_velicina-181","14":"pa_velicina-182","15":"pa_velicina-183","16":"pa_velicina-204","17":"pa_velicina-205","18":"pa_velicina-206","20":"first","21":"instock","22":"taxable","23":"shipping-taxable","24":"purchasable","25":"product-type-variable"},"aioseo_notices":[],"_links":{"self":[{"href":"https:\/\/uni-forma.hr\/en\/wp-json\/wp\/v2\/product\/39201","targetHints":{"allow":["GET"]}}],"collection":[{"href":"https:\/\/uni-forma.hr\/en\/wp-json\/wp\/v2\/product"}],"about":[{"href":"https:\/\/uni-forma.hr\/en\/wp-json\/wp\/v2\/types\/product"}],"replies":[{"embeddable":true,"href":"https:\/\/uni-forma.hr\/en\/wp-json\/wp\/v2\/comments?post=39201"}],"version-history":[{"count":0,"href":"https:\/\/uni-forma.hr\/en\/wp-json\/wp\/v2\/product\/39201\/revisions"}],"wp:featuredmedia":[{"embeddable":true,"href":"https:\/\/uni-forma.hr\/en\/wp-json\/wp\/v2\/media\/39256"}],"wp:attachment":[{"href":"https:\/\/uni-forma.hr\/en\/wp-json\/wp\/v2\/media?parent=39201"}],"wp:term":[{"taxonomy":"product_brand","embeddable":true,"href":"https:\/\/uni-forma.hr\/en\/wp-json\/wp\/v2\/product_brand?post=39201"},{"taxonomy":"product_cat","embeddable":true,"href":"https:\/\/uni-forma.hr\/en\/wp-json\/wp\/v2\/product_cat?post=39201"},{"taxonomy":"product_tag","embeddable":true,"href":"https:\/\/uni-forma.hr\/en\/wp-json\/wp\/v2\/product_tag?post=39201"}],"curies":[{"name":"wp","href":"https:\/\/api.w.org\/{rel}","templated":true}]}}