{"id":39364,"date":"2025-09-30T19:09:02","date_gmt":"2025-09-30T17:09:02","guid":{"rendered":"https:\/\/uni-forma.hr\/?post_type=product&#038;p=39364"},"modified":"2025-09-30T19:39:59","modified_gmt":"2025-09-30T17:39:59","slug":"radna-jakna-greenland","status":"publish","type":"product","link":"https:\/\/uni-forma.hr\/en\/product\/radna-jakna-greenland\/","title":{"rendered":"Radna jakna GREENLAND"},"content":{"rendered":"<p>Radna jakna sa vi\u0161e funkcionalnih d\u017eepova. Zatvara se skrivenim patent zatvara\u010dem s \u010di\u010dak trakom. Rukavi i dio u struku se zate\u017eu s \u010di\u010dak trakom sa svake strane radi boljeg pristajanja i ima reflektiraju\u0107i paspul zbog bolje vidljivosti. Kroj je klasi\u010dan i dobro pristaje svima.<\/p>","protected":false},"excerpt":{"rendered":"<p>Material:<\/p>\n<ul>\n<li>\u00a0100% cotton<\/li>\n<li>260g\/m2<\/li>\n<\/ul>\n<p>Maintenance:<\/p>\n<ul>\n<li>pranje u perilici rublja 40\u00b0C<\/li>\n<\/ul>\n<p>Veli\u010dina: S-XXXL<br \/>\nStandard: EN 13688<\/p>","protected":false},"featured_media":39415,"comment_status":"open","ping_status":"closed","template":"","meta":[],"product_brand":[],"product_cat":[97,98,21],"product_tag":[],"class_list":{"0":"post-39364","1":"product","2":"type-product","3":"status-publish","4":"has-post-thumbnail","6":"product_cat-odjeca-zastitna","7":"product_cat-radne-bluze","8":"product_cat-zastitna-odjeca-obuca-oprema","9":"pa_velicina-l","10":"pa_velicina-m","11":"pa_velicina-s","12":"pa_velicina-xl","13":"pa_velicina-xxl","14":"pa_velicina-xxxl","16":"first","17":"instock","18":"taxable","19":"shipping-taxable","20":"purchasable","21":"product-type-variable"},"aioseo_notices":[],"_links":{"self":[{"href":"https:\/\/uni-forma.hr\/en\/wp-json\/wp\/v2\/product\/39364","targetHints":{"allow":["GET"]}}],"collection":[{"href":"https:\/\/uni-forma.hr\/en\/wp-json\/wp\/v2\/product"}],"about":[{"href":"https:\/\/uni-forma.hr\/en\/wp-json\/wp\/v2\/types\/product"}],"replies":[{"embeddable":true,"href":"https:\/\/uni-forma.hr\/en\/wp-json\/wp\/v2\/comments?post=39364"}],"version-history":[{"count":1,"href":"https:\/\/uni-forma.hr\/en\/wp-json\/wp\/v2\/product\/39364\/revisions"}],"predecessor-version":[{"id":39443,"href":"https:\/\/uni-forma.hr\/en\/wp-json\/wp\/v2\/product\/39364\/revisions\/39443"}],"wp:featuredmedia":[{"embeddable":true,"href":"https:\/\/uni-forma.hr\/en\/wp-json\/wp\/v2\/media\/39415"}],"wp:attachment":[{"href":"https:\/\/uni-forma.hr\/en\/wp-json\/wp\/v2\/media?parent=39364"}],"wp:term":[{"taxonomy":"product_brand","embeddable":true,"href":"https:\/\/uni-forma.hr\/en\/wp-json\/wp\/v2\/product_brand?post=39364"},{"taxonomy":"product_cat","embeddable":true,"href":"https:\/\/uni-forma.hr\/en\/wp-json\/wp\/v2\/product_cat?post=39364"},{"taxonomy":"product_tag","embeddable":true,"href":"https:\/\/uni-forma.hr\/en\/wp-json\/wp\/v2\/product_tag?post=39364"}],"curies":[{"name":"wp","href":"https:\/\/api.w.org\/{rel}","templated":true}]}}