{"id":39444,"date":"2025-09-30T19:44:45","date_gmt":"2025-09-30T17:44:45","guid":{"rendered":"https:\/\/uni-forma.hr\/?post_type=product&#038;p=39444"},"modified":"2025-09-30T20:01:23","modified_gmt":"2025-09-30T18:01:23","slug":"radne-farmer-hlace-greenland","status":"publish","type":"product","link":"https:\/\/uni-forma.hr\/en\/product\/radne-farmer-hlace-greenland\/","title":{"rendered":"Radne farmer hla\u010de GREENLAND"},"content":{"rendered":"<p>Radne farmer hla\u010de sportskog izgleda. Kop\u010da se gumbima sa strane, a tregeri su podesivi. Ima vi\u0161e funkcionalnih d\u017eepova i veliki prednji d\u017eep te reflektiraju\u0107e elemente radi bolje uo\u010dljivosti. Kroj je klasi\u010dan i dobro pristaje svima.<\/p>","protected":false},"excerpt":{"rendered":"<p>Material:<\/p>\n<ul>\n<li>\u00a0100% cotton<\/li>\n<li>260g\/m2<\/li>\n<\/ul>\n<p>Maintenance:<\/p>\n<ul>\n<li>pranje u perilici rublja 40\u00b0C<\/li>\n<\/ul>\n<p>Boja: svijetlo siva<br \/>\nVeli\u010dina: 46-66<br \/>\nStandard: EN 13688<\/p>","protected":false},"featured_media":39469,"comment_status":"open","ping_status":"closed","template":"","meta":[],"product_brand":[],"product_cat":[97,99,21],"product_tag":[],"class_list":{"0":"post-39444","1":"product","2":"type-product","3":"status-publish","4":"has-post-thumbnail","6":"product_cat-odjeca-zastitna","7":"product_cat-radne-hlace","8":"product_cat-zastitna-odjeca-obuca-oprema","9":"pa_velicina-167","10":"pa_velicina-168","11":"pa_velicina-169","12":"pa_velicina-176","13":"pa_velicina-181","14":"pa_velicina-182","15":"pa_velicina-183","16":"pa_velicina-204","17":"pa_velicina-205","18":"pa_velicina-206","20":"first","21":"instock","22":"taxable","23":"shipping-taxable","24":"purchasable","25":"product-type-variable"},"aioseo_notices":[],"_links":{"self":[{"href":"https:\/\/uni-forma.hr\/en\/wp-json\/wp\/v2\/product\/39444","targetHints":{"allow":["GET"]}}],"collection":[{"href":"https:\/\/uni-forma.hr\/en\/wp-json\/wp\/v2\/product"}],"about":[{"href":"https:\/\/uni-forma.hr\/en\/wp-json\/wp\/v2\/types\/product"}],"replies":[{"embeddable":true,"href":"https:\/\/uni-forma.hr\/en\/wp-json\/wp\/v2\/comments?post=39444"}],"version-history":[{"count":1,"href":"https:\/\/uni-forma.hr\/en\/wp-json\/wp\/v2\/product\/39444\/revisions"}],"predecessor-version":[{"id":39513,"href":"https:\/\/uni-forma.hr\/en\/wp-json\/wp\/v2\/product\/39444\/revisions\/39513"}],"wp:featuredmedia":[{"embeddable":true,"href":"https:\/\/uni-forma.hr\/en\/wp-json\/wp\/v2\/media\/39469"}],"wp:attachment":[{"href":"https:\/\/uni-forma.hr\/en\/wp-json\/wp\/v2\/media?parent=39444"}],"wp:term":[{"taxonomy":"product_brand","embeddable":true,"href":"https:\/\/uni-forma.hr\/en\/wp-json\/wp\/v2\/product_brand?post=39444"},{"taxonomy":"product_cat","embeddable":true,"href":"https:\/\/uni-forma.hr\/en\/wp-json\/wp\/v2\/product_cat?post=39444"},{"taxonomy":"product_tag","embeddable":true,"href":"https:\/\/uni-forma.hr\/en\/wp-json\/wp\/v2\/product_tag?post=39444"}],"curies":[{"name":"wp","href":"https:\/\/api.w.org\/{rel}","templated":true}]}}