{"id":39652,"date":"2025-09-30T20:51:59","date_gmt":"2025-09-30T18:51:59","guid":{"rendered":"https:\/\/uni-forma.hr\/?post_type=product&#038;p=39652"},"modified":"2025-09-30T20:58:48","modified_gmt":"2025-09-30T18:58:48","slug":"radna-jakna-move-flex","status":"publish","type":"product","link":"https:\/\/uni-forma.hr\/en\/product\/radna-jakna-move-flex\/","title":{"rendered":"Radna jakna MOVE FLEX"},"content":{"rendered":"<p>MOVE FLEX 4-way stretch radna odje\u0107a se savr\u0161eno prilago\u0111ava pokretima, pru\u017eaju\u0107i osje\u0107aj slobode i udobnosti tijekom cijelog dana. Izra\u0111ena je u kombinaciji poliamida i elastina.<br \/>\nPoliamid u tkanini omogu\u0107uje izuzetnu izdr\u017eljivost, a elastin osigurava vrhunsku fleksibilnost i udobnost.<br \/>\nMOVE FLEX odje\u0107a je vjetroodbojna i vodoodbojna, prozra\u010dna i brzo se su\u0161i, blokira UV zra\u010denja, pa osigurava suho\u0107u i rashla\u0111enost dok se bavite radnim ili sportskim aktivnostima.<br \/>\nMeka tekstura tkanine ugodna je na ko\u017ei. U ovratniku jakne nalazi se skrivena kapulja\u010da.<\/p>","protected":false},"excerpt":{"rendered":"<p>MOVE FLEX RADNA JAKNA<\/p>\n<ul>\n<li>Sastav tkanine: 90% poliamid, 10% elastan, 260 g\/m2<\/li>\n<li>D\u017eepovi: 1 prsni d\u017eep, 2 bo\u010dna d\u017eepa<\/li>\n<li>Zatvaranje: patentni zatvara\u010d<\/li>\n<li>Veli\u010dina: S-XXXL<\/li>\n<\/ul>\n<p>Standard: EN 13688<\/p>","protected":false},"featured_media":39673,"comment_status":"open","ping_status":"closed","template":"","meta":[],"product_brand":[],"product_cat":[97,98,21],"product_tag":[],"class_list":{"0":"post-39652","1":"product","2":"type-product","3":"status-publish","4":"has-post-thumbnail","6":"product_cat-odjeca-zastitna","7":"product_cat-radne-bluze","8":"product_cat-zastitna-odjeca-obuca-oprema","9":"pa_velicina-167","10":"pa_velicina-168","11":"pa_velicina-169","12":"pa_velicina-176","13":"pa_velicina-181","14":"pa_velicina-182","15":"pa_velicina-183","16":"pa_velicina-204","17":"pa_velicina-205","18":"pa_velicina-206","20":"first","21":"instock","22":"taxable","23":"shipping-taxable","24":"purchasable","25":"product-type-variable"},"aioseo_notices":[],"_links":{"self":[{"href":"https:\/\/uni-forma.hr\/en\/wp-json\/wp\/v2\/product\/39652","targetHints":{"allow":["GET"]}}],"collection":[{"href":"https:\/\/uni-forma.hr\/en\/wp-json\/wp\/v2\/product"}],"about":[{"href":"https:\/\/uni-forma.hr\/en\/wp-json\/wp\/v2\/types\/product"}],"replies":[{"embeddable":true,"href":"https:\/\/uni-forma.hr\/en\/wp-json\/wp\/v2\/comments?post=39652"}],"version-history":[{"count":1,"href":"https:\/\/uni-forma.hr\/en\/wp-json\/wp\/v2\/product\/39652\/revisions"}],"predecessor-version":[{"id":39675,"href":"https:\/\/uni-forma.hr\/en\/wp-json\/wp\/v2\/product\/39652\/revisions\/39675"}],"wp:featuredmedia":[{"embeddable":true,"href":"https:\/\/uni-forma.hr\/en\/wp-json\/wp\/v2\/media\/39673"}],"wp:attachment":[{"href":"https:\/\/uni-forma.hr\/en\/wp-json\/wp\/v2\/media?parent=39652"}],"wp:term":[{"taxonomy":"product_brand","embeddable":true,"href":"https:\/\/uni-forma.hr\/en\/wp-json\/wp\/v2\/product_brand?post=39652"},{"taxonomy":"product_cat","embeddable":true,"href":"https:\/\/uni-forma.hr\/en\/wp-json\/wp\/v2\/product_cat?post=39652"},{"taxonomy":"product_tag","embeddable":true,"href":"https:\/\/uni-forma.hr\/en\/wp-json\/wp\/v2\/product_tag?post=39652"}],"curies":[{"name":"wp","href":"https:\/\/api.w.org\/{rel}","templated":true}]}}