{"id":40174,"date":"2025-10-02T19:19:16","date_gmt":"2025-10-02T17:19:16","guid":{"rendered":"https:\/\/uni-forma.hr\/?post_type=product&#038;p=40174"},"modified":"2025-10-02T19:25:52","modified_gmt":"2025-10-02T17:25:52","slug":"radne-farmer-hlace-bergen-flex","status":"publish","type":"product","link":"https:\/\/uni-forma.hr\/en\/product\/radne-farmer-hlace-bergen-flex\/","title":{"rendered":"Radne farmer hla\u010de BERGEN FLEX"},"content":{"rendered":"<p>Rastezljive radne farmer hla\u010de BERGEN FLEX sportskog izgleda. Kop\u010da se skrivenim patent zatvara\u010dem, ima vi\u0161e funkcionalnih d\u017eepova. Podesivi tregeri sa umetkom elasti\u010dne tkanine u le\u0111ima. Dodatno poja\u010danje na koljenima s d\u017eepom za \u0161titinke za koljena, reflektiraju\u0107i elementi radi bolje uo\u010dljivosti. Kroj je klasi\u010dan i dobro pristaje svima.<\/p>","protected":false},"excerpt":{"rendered":"<p>Material:<\/p>\n<ul>\n<li>59% pamuk,<\/li>\n<li>38% poliestersko vlakno,<\/li>\n<li>3% elastan, 250g\/m2<\/li>\n<li>Odr\u017eavanje: pranje u perilici rublja 60\u00b0C<\/li>\n<\/ul>\n<p>Veli\u010dina: 46-66<br \/>\nStandard: EN 13688<\/p>","protected":false},"featured_media":40195,"comment_status":"open","ping_status":"closed","template":"","meta":[],"product_brand":[],"product_cat":[97,99,21],"product_tag":[],"class_list":{"0":"post-40174","1":"product","2":"type-product","3":"status-publish","4":"has-post-thumbnail","6":"product_cat-odjeca-zastitna","7":"product_cat-radne-hlace","8":"product_cat-zastitna-odjeca-obuca-oprema","9":"pa_velicina-167","10":"pa_velicina-168","11":"pa_velicina-169","12":"pa_velicina-176","13":"pa_velicina-181","14":"pa_velicina-182","15":"pa_velicina-183","16":"pa_velicina-204","17":"pa_velicina-205","18":"pa_velicina-206","20":"first","21":"instock","22":"taxable","23":"shipping-taxable","24":"purchasable","25":"product-type-variable"},"aioseo_notices":[],"_links":{"self":[{"href":"https:\/\/uni-forma.hr\/en\/wp-json\/wp\/v2\/product\/40174","targetHints":{"allow":["GET"]}}],"collection":[{"href":"https:\/\/uni-forma.hr\/en\/wp-json\/wp\/v2\/product"}],"about":[{"href":"https:\/\/uni-forma.hr\/en\/wp-json\/wp\/v2\/types\/product"}],"replies":[{"embeddable":true,"href":"https:\/\/uni-forma.hr\/en\/wp-json\/wp\/v2\/comments?post=40174"}],"version-history":[{"count":1,"href":"https:\/\/uni-forma.hr\/en\/wp-json\/wp\/v2\/product\/40174\/revisions"}],"predecessor-version":[{"id":40217,"href":"https:\/\/uni-forma.hr\/en\/wp-json\/wp\/v2\/product\/40174\/revisions\/40217"}],"wp:featuredmedia":[{"embeddable":true,"href":"https:\/\/uni-forma.hr\/en\/wp-json\/wp\/v2\/media\/40195"}],"wp:attachment":[{"href":"https:\/\/uni-forma.hr\/en\/wp-json\/wp\/v2\/media?parent=40174"}],"wp:term":[{"taxonomy":"product_brand","embeddable":true,"href":"https:\/\/uni-forma.hr\/en\/wp-json\/wp\/v2\/product_brand?post=40174"},{"taxonomy":"product_cat","embeddable":true,"href":"https:\/\/uni-forma.hr\/en\/wp-json\/wp\/v2\/product_cat?post=40174"},{"taxonomy":"product_tag","embeddable":true,"href":"https:\/\/uni-forma.hr\/en\/wp-json\/wp\/v2\/product_tag?post=40174"}],"curies":[{"name":"wp","href":"https:\/\/api.w.org\/{rel}","templated":true}]}}