{"id":40262,"date":"2025-10-02T19:47:48","date_gmt":"2025-10-02T17:47:48","guid":{"rendered":"https:\/\/uni-forma.hr\/?post_type=product&#038;p=40262"},"modified":"2025-10-02T20:24:03","modified_gmt":"2025-10-02T18:24:03","slug":"zastitna-cipela-niska-leon-s3-src-esd","status":"publish","type":"product","link":"https:\/\/uni-forma.hr\/en\/product\/zastitna-cipela-niska-leon-s3-src-esd\/","title":{"rendered":"Za\u0161titna cipela niska LEON S3 SRC ESD"},"content":{"rendered":"<ul>\n<li>FLOAT TECH\u00ae tehnologija se bazira na \u0111onu izra\u0111enom od EVA ili PU pjene niske gusto\u0107e, gdje se u procesu proizvodnje primjenjuje posebna tehnologija obrade ovih izdr\u017eljivih i fleksibilnih materijala.<br \/>\nCilj nam je bio dizajnirati izuzetno laganu, fleksibilnu, udobnu radnu obu\u0107u, ali i posti\u0107i maksimalnu stabilnost i za\u0161titu tijekom no\u0161enja. Rezultat su modeli cipela s izuzetnom visokom fleksibilno\u0161\u0107u i udobno\u0161\u0107u te najvi\u0161im sigurnosnim performansama.MemoMax\u00ae tehnologija predstavlja napredno rje\u0161enje u dizajnu ulo\u017ene tabanice. Ovaj ulo\u017eak, izra\u0111en od memorijske pjene, anatomski oblikovan, dizajniran je za optimizaciju potpore i u\u010dinkovitosti u prednjem i stra\u017enjem dijelu stopala. U petnom dijelu, tehnologija ravnomjerno raspore\u0111uje udarne sile po cijelom plantarnom luku, omogu\u0107uju\u0107i u\u010dinkovitu apsorpciju energije preko cijele povr\u0161ine stopala. Time se posti\u017ee maksimalna amortizacija tijekom hodanja. Prednji dio ulo\u0161ka dizajniran je da prenosi energiju udarne sile na metatarzalne kosti, stvaraju\u0107i jaki impuls pri podizanju no\u017enih prstiju, \u0161to omogu\u0107uje lak\u0161e i efikasnije hodanje uz manju potro\u0161nju energije.<\/li>\n<\/ul>","protected":false},"excerpt":{"rendered":"<p>Niska za\u0161titna cipela iz kolekcije FLOAT TECH<\/p>\n<ul>\n<li class=\"text-justify\">Prozra\u010dne za\u0161titne cipele bez metalnih dijelova, fleksibilne i izuzetno udobne<\/li>\n<li class=\"text-justify\">Gornji\u0161te: Nubuck ko\u017ea<\/li>\n<li class=\"text-justify\">Za\u0161titna kapica: kompozitna od fiberglass-a (staklene niti)<\/li>\n<li class=\"text-justify\">Za\u0161titna tabanica: neprobojna tekstilna<\/li>\n<li class=\"text-justify\">Ulo\u017ena tabanica: ma bazi memorijske pjene &#8211; MemoMax\u00ae<\/li>\n<li class=\"text-justify\">Podstava: vi\u0161emdimenzionalna mre\u017eica<\/li>\n<li class=\"text-justify\">\u0110on: dvoslojni PU\/PU &#8211; FLOAT TECH\u00ae<\/li>\n<li class=\"text-justify\">Tehni\u010dke karakteristike: S3 SRC ESD Metal free<\/li>\n<li class=\"text-justify\">Te\u017eina pola para cipela u veli\u010dini 42: 615 g<\/li>\n<li class=\"text-justify\">Dostupne veli\u010dine: 36-48<\/li>\n<\/ul>\n<p><strong>Standard: EN ISO 20345:2011,<\/strong><\/p>\n<p><strong> EN 61340-5-1:2016 ESD<\/strong><\/p>","protected":false},"featured_media":40289,"comment_status":"open","ping_status":"closed","template":"","meta":[],"product_brand":[],"product_cat":[109,110,21],"product_tag":[],"class_list":{"0":"post-40262","1":"product","2":"type-product","3":"status-publish","4":"has-post-thumbnail","6":"product_cat-obuca-zastitna","7":"product_cat-radne-cipele","8":"product_cat-zastitna-odjeca-obuca-oprema","10":"first","11":"instock","12":"taxable","13":"shipping-taxable","14":"purchasable","15":"product-type-simple"},"aioseo_notices":[],"_links":{"self":[{"href":"https:\/\/uni-forma.hr\/en\/wp-json\/wp\/v2\/product\/40262","targetHints":{"allow":["GET"]}}],"collection":[{"href":"https:\/\/uni-forma.hr\/en\/wp-json\/wp\/v2\/product"}],"about":[{"href":"https:\/\/uni-forma.hr\/en\/wp-json\/wp\/v2\/types\/product"}],"replies":[{"embeddable":true,"href":"https:\/\/uni-forma.hr\/en\/wp-json\/wp\/v2\/comments?post=40262"}],"version-history":[{"count":2,"href":"https:\/\/uni-forma.hr\/en\/wp-json\/wp\/v2\/product\/40262\/revisions"}],"predecessor-version":[{"id":40306,"href":"https:\/\/uni-forma.hr\/en\/wp-json\/wp\/v2\/product\/40262\/revisions\/40306"}],"wp:featuredmedia":[{"embeddable":true,"href":"https:\/\/uni-forma.hr\/en\/wp-json\/wp\/v2\/media\/40289"}],"wp:attachment":[{"href":"https:\/\/uni-forma.hr\/en\/wp-json\/wp\/v2\/media?parent=40262"}],"wp:term":[{"taxonomy":"product_brand","embeddable":true,"href":"https:\/\/uni-forma.hr\/en\/wp-json\/wp\/v2\/product_brand?post=40262"},{"taxonomy":"product_cat","embeddable":true,"href":"https:\/\/uni-forma.hr\/en\/wp-json\/wp\/v2\/product_cat?post=40262"},{"taxonomy":"product_tag","embeddable":true,"href":"https:\/\/uni-forma.hr\/en\/wp-json\/wp\/v2\/product_tag?post=40262"}],"curies":[{"name":"wp","href":"https:\/\/api.w.org\/{rel}","templated":true}]}}