{"id":40341,"date":"2025-10-04T11:13:40","date_gmt":"2025-10-04T09:13:40","guid":{"rendered":"https:\/\/uni-forma.hr\/?post_type=product&#038;p=40341"},"modified":"2025-10-04T11:27:12","modified_gmt":"2025-10-04T09:27:12","slug":"radna-cipela-niska-porto-o1-sr-fo-esd","status":"publish","type":"product","link":"https:\/\/uni-forma.hr\/en\/product\/radna-cipela-niska-porto-o1-sr-fo-esd\/","title":{"rendered":"Radna cipela niska PORTO O1 SR FO ESD"},"content":{"rendered":"<p>PORTO nova generacija LACUNA radnih cipela je savr\u0161ena kombinacija udobnosti, funkcionalnosti i inovativnog dizajna.<\/p>\n<p>Oblik i debljina dvoslojnog \u0111ona linije PORTO &#8211; amortizira korak, apsorbiraju\u0107i energiju udarca pri kontaktu s tlom, poma\u017ee smanjiti negativni utjecaj\u00a0na zglobove radnika koji cijeli dan provode na nogama ili u pokretu.<\/p>\n<p>EVA niske gusto\u0107e u strukturi \u0111ona donosi iznimnu lako\u0107u i udobnost.<br \/>\nInovativni\u00a0MemoMax ulo\u017eak na bazi memorijske pjene pru\u017ea dodatnu udobnost i smanjuje umor.<\/p>\n<p>Vanjski dio \u0111ona od nitrilne gume omogu\u0107uje vrhunsko prianjanje, najvi\u0161u otpornost na klizanje, otpornost na naftne derivate te pra\u017enjenje stati\u010dkog elektriciteta ESD.<\/p>\n<p>MemoMax\u00ae tehnologija predstavlja napredno rje\u0161enje u dizajnu ulo\u017ene tabanice. Ovaj ulo\u017eak, izra\u0111en od memorijske pjene, anatomski oblikovan, dizajniran je za optimizaciju potpore i u\u010dinkovitosti u prednjem i stra\u017enjem dijelu stopala. U petnom dijelu, tehnologija ravnomjerno raspore\u0111uje udarne sile po cijelom plantarnom luku, omogu\u0107uju\u0107i u\u010dinkovitu apsorpciju energije preko cijele povr\u0161ine stopala. Time se posti\u017ee maksimalna amortizacija tijekom hodanja. Prednji dio ulo\u0161ka dizajniran je da prenosi energiju udarne sile na metatarzalne kosti, stvaraju\u0107i jaki impuls pri podizanju no\u017enih prstiju, \u0161to omogu\u0107uje lak\u0161e i efikasnije hodanje uz manju potro\u0161nju energije.<\/p>","protected":false},"excerpt":{"rendered":"<p>Radna cipela niska PORTO O1 SR FO ESD<\/p>\n<ul>\n<li>Gornji\u0161te: prozara\u010dna vi\u0161edimenzionalan mre\u017eica s TPU oja\u010danjem u predjelu prstiju s dodatnim d\u017eepi\u0107em za vezice, bez metalnih dijelova<\/li>\n<li>Ulo\u017ena tabanica: na bazi od memorijske pjene &#8211; MemoMax\u00ae<\/li>\n<li>Podstava: vi\u0161edimenzionalni prozra\u010dni materijal<\/li>\n<li>\u0110on: dvoslojni EVA niske gusto\u0107e\/ nitrilna guma<\/li>\n<li>Tehni\u010dke karakteristike: O1 FO SR ESD<\/li>\n<li>Standard: EN ISO 20347:2022, ESD: EN 61340-5-1:2016 &amp; EN IEC 61340-4-3:2018<\/li>\n<li>Te\u017eina pola para u veli\u010dini 42: 400 g<\/li>\n<li>Dostupne veli\u010dine: 36-48<\/li>\n<\/ul>","protected":false},"featured_media":40342,"comment_status":"open","ping_status":"closed","template":"","meta":[],"product_brand":[],"product_cat":[109,110,21],"product_tag":[],"class_list":{"0":"post-40341","1":"product","2":"type-product","3":"status-publish","4":"has-post-thumbnail","6":"product_cat-obuca-zastitna","7":"product_cat-radne-cipele","8":"product_cat-zastitna-odjeca-obuca-oprema","10":"first","11":"instock","12":"taxable","13":"shipping-taxable","14":"purchasable","15":"product-type-simple"},"aioseo_notices":[],"_links":{"self":[{"href":"https:\/\/uni-forma.hr\/en\/wp-json\/wp\/v2\/product\/40341","targetHints":{"allow":["GET"]}}],"collection":[{"href":"https:\/\/uni-forma.hr\/en\/wp-json\/wp\/v2\/product"}],"about":[{"href":"https:\/\/uni-forma.hr\/en\/wp-json\/wp\/v2\/types\/product"}],"replies":[{"embeddable":true,"href":"https:\/\/uni-forma.hr\/en\/wp-json\/wp\/v2\/comments?post=40341"}],"version-history":[{"count":1,"href":"https:\/\/uni-forma.hr\/en\/wp-json\/wp\/v2\/product\/40341\/revisions"}],"predecessor-version":[{"id":40346,"href":"https:\/\/uni-forma.hr\/en\/wp-json\/wp\/v2\/product\/40341\/revisions\/40346"}],"wp:featuredmedia":[{"embeddable":true,"href":"https:\/\/uni-forma.hr\/en\/wp-json\/wp\/v2\/media\/40342"}],"wp:attachment":[{"href":"https:\/\/uni-forma.hr\/en\/wp-json\/wp\/v2\/media?parent=40341"}],"wp:term":[{"taxonomy":"product_brand","embeddable":true,"href":"https:\/\/uni-forma.hr\/en\/wp-json\/wp\/v2\/product_brand?post=40341"},{"taxonomy":"product_cat","embeddable":true,"href":"https:\/\/uni-forma.hr\/en\/wp-json\/wp\/v2\/product_cat?post=40341"},{"taxonomy":"product_tag","embeddable":true,"href":"https:\/\/uni-forma.hr\/en\/wp-json\/wp\/v2\/product_tag?post=40341"}],"curies":[{"name":"wp","href":"https:\/\/api.w.org\/{rel}","templated":true}]}}