{"id":40347,"date":"2025-10-04T11:27:34","date_gmt":"2025-10-04T09:27:34","guid":{"rendered":"https:\/\/uni-forma.hr\/?post_type=product&#038;p=40347"},"modified":"2025-10-04T11:33:18","modified_gmt":"2025-10-04T09:33:18","slug":"zastitna-cipela-niska-porto-s3s-fo-sr-esd","status":"publish","type":"product","link":"https:\/\/uni-forma.hr\/en\/product\/zastitna-cipela-niska-porto-s3s-fo-sr-esd\/","title":{"rendered":"Za\u0161titna cipela niska PORTO S3S FO SR ESD"},"content":{"rendered":"<p>PORTO S3S nova generacija LACUNA za\u0161titnih cipela je savr\u0161ena kombinacija udobnosti, funkcionalnosti i inovativnog dizajna.<br \/>\nTransformirali smo performanse i udobnost tenisica za tr\u010danje u za\u0161titnu obu\u0107u s jedinstvenim dizajnom \u0111ona koji pru\u017ea izvanrednu potporu i stabilnost.<\/p>\n<p>Gornji\u0161te cipele izra\u0111eno je od inovativnog PUTEK materijala s TPU poja\u010danjima. PUTEK je izdr\u017eljiv i anti abrazivan materijal, a lagan i izuzetno fleksibilan, te vodoodbojan.<br \/>\nTehnologija izrade PUTEK materijala bazira se na presvu\u010denim poliesterskim nitima koje su izravno utkane u strukturu tkanine za postizanje iznimne \u010dvrsto\u0107e i izdr\u017eljivosti.<br \/>\nKarakteristike i izvedba gornji\u0161ta PORTO za\u0161titnih cipela osiguravaju izuzetnu stabilnost i udobnost kroz prirodni ciklus koraka.<\/p>\n<p>U prednjem dijelu cipele nalazi se fiberglass za\u0161titna kapica (staklene niti) koja je tanja u odnosu na klasi\u010dne za\u0161titne kapice pa za\u0161titne cipele nisu robusne i te\u0161ke. D\u017eepi\u0107 za umetanje vezica za sprje\u010davanje odvezivanja.<\/p>\n<p>Oblik i debljina dvoslojnog \u0111ona za\u0161titnih PORTO cipela amortizira korak, apsorbiraju\u0107i energiju udarca pri kontaktu s tlom,<br \/>\nmo\u017ee pomo\u0107i u smanjenju negativnog utjecaja na zglobove radnika koji cijeli dan provode na nogama ili u pokretu.<br \/>\nEVA niske gusto\u0107e u strukturi \u0111ona donosi lako\u0107u te izuzetnu udobnost.<br \/>\nVanjski dio \u0111ona od nitrilne gume omogu\u0107uje vrhunsko prianjanje, najvi\u0161u otpornost na klizanje, otpornost na naftne derivate te pra\u017enjenje stati\u010dkog elektriciteta ESD.<\/p>\n<p>MemoMax tehnologija predstavlja napredno rje\u0161enje u dizajnu ulo\u017ene tabanice. Ovaj ulo\u017eak, na bazi memorijske pjene, anatomski oblikovan, dizajniran je za optimizaciju potpore i u\u010dinkovitosti u prednjem i stra\u017enjem dijelu stopala. U petnom dijelu, tehnologija ravnomjerno raspore\u0111uje udarne sile po cijelom plantarnom luku, omogu\u0107uju\u0107i u\u010dinkovitu apsorpciju energije preko cijele povr\u0161ine stopala. Time se posti\u017ee maksimalna amortizacija tijekom hodanja. Prednji dio ulo\u0161ka dizajniran je da prenosi energiju udarne sile na metatarzalne kosti, stvaraju\u0107i jaki impuls pri podizanju no\u017enih prstiju, \u0161to omogu\u0107uje lak\u0161e i efikasnije hodanje uz manju potro\u0161nju energije.<\/p>\n<p>Neprobojna tabanica od tekstila testirana je \u0161iljkom \u0161irine 3 mm, \u010dime je osigurana vi\u0161a razina za\u0161tite od probijanja.<\/p>","protected":false},"excerpt":{"rendered":"<p>Niska za\u0161titna cipela<\/p>\n<ul>\n<li>Gornji\u0161te: PUTEK tkanina s TPU poja\u010danjem u predjelu prstiju<\/li>\n<li>Za\u0161titna kapica: fiberglass (staklene niti)<\/li>\n<li>Za\u0161titna tabanica: neprobojna tekstilna<\/li>\n<li>Ulo\u017ena tabanica: na bazi od memorijske pjene &#8211; MemoMax\u00ae<\/li>\n<li>Podstava: vi\u0161edimenzionalni prozra\u010dni materijal<\/li>\n<li>\u0110on: dvoslojni EVA niske gusto\u0107e\/ nitrilna guma<\/li>\n<li>Tehni\u010dke karakteristike: S3S FO SR ESD Metal free<\/li>\n<li>Standard: EN ISO 20345:2022, EN 61340-5-1:2016 ESD<\/li>\n<li>Te\u017eina pola para u veli\u010dini 42: 570 g<\/li>\n<li>Dostupne veli\u010dine: 36-48<\/li>\n<\/ul>","protected":false},"featured_media":40348,"comment_status":"open","ping_status":"closed","template":"","meta":[],"product_brand":[],"product_cat":[109,110,21],"product_tag":[],"class_list":{"0":"post-40347","1":"product","2":"type-product","3":"status-publish","4":"has-post-thumbnail","6":"product_cat-obuca-zastitna","7":"product_cat-radne-cipele","8":"product_cat-zastitna-odjeca-obuca-oprema","10":"first","11":"instock","12":"taxable","13":"shipping-taxable","14":"purchasable","15":"product-type-simple"},"aioseo_notices":[],"_links":{"self":[{"href":"https:\/\/uni-forma.hr\/en\/wp-json\/wp\/v2\/product\/40347","targetHints":{"allow":["GET"]}}],"collection":[{"href":"https:\/\/uni-forma.hr\/en\/wp-json\/wp\/v2\/product"}],"about":[{"href":"https:\/\/uni-forma.hr\/en\/wp-json\/wp\/v2\/types\/product"}],"replies":[{"embeddable":true,"href":"https:\/\/uni-forma.hr\/en\/wp-json\/wp\/v2\/comments?post=40347"}],"version-history":[{"count":1,"href":"https:\/\/uni-forma.hr\/en\/wp-json\/wp\/v2\/product\/40347\/revisions"}],"predecessor-version":[{"id":40351,"href":"https:\/\/uni-forma.hr\/en\/wp-json\/wp\/v2\/product\/40347\/revisions\/40351"}],"wp:featuredmedia":[{"embeddable":true,"href":"https:\/\/uni-forma.hr\/en\/wp-json\/wp\/v2\/media\/40348"}],"wp:attachment":[{"href":"https:\/\/uni-forma.hr\/en\/wp-json\/wp\/v2\/media?parent=40347"}],"wp:term":[{"taxonomy":"product_brand","embeddable":true,"href":"https:\/\/uni-forma.hr\/en\/wp-json\/wp\/v2\/product_brand?post=40347"},{"taxonomy":"product_cat","embeddable":true,"href":"https:\/\/uni-forma.hr\/en\/wp-json\/wp\/v2\/product_cat?post=40347"},{"taxonomy":"product_tag","embeddable":true,"href":"https:\/\/uni-forma.hr\/en\/wp-json\/wp\/v2\/product_tag?post=40347"}],"curies":[{"name":"wp","href":"https:\/\/api.w.org\/{rel}","templated":true}]}}