{"id":40360,"date":"2025-10-04T11:44:56","date_gmt":"2025-10-04T09:44:56","guid":{"rendered":"https:\/\/uni-forma.hr\/?post_type=product&#038;p=40360"},"modified":"2025-10-04T11:50:22","modified_gmt":"2025-10-04T09:50:22","slug":"zastitna-cipela-niska-marathon-s3","status":"publish","type":"product","link":"https:\/\/uni-forma.hr\/en\/product\/zastitna-cipela-niska-marathon-s3\/","title":{"rendered":"Za\u0161titna cipela niska MARATHON S3"},"content":{"rendered":"<p>BASE tehnologije:<br \/>\nSmellStop\u00ae podstava koja sprje\u010dava nastajanje bakterija i gljivica koje se razvijaju u obu\u0107i, odgovornih za neugodne mirise<br \/>\nDry&#8217;n Air\u00ae jam\u010di prozra\u010dnost, odnosno cirkulaciju zraka unutar cipela. Mo\u017ee biti ugra\u0111ena u samu tabanicu ili u izmijenjivi ulo\u017eak<br \/>\nSlim cap\u00ae kompozitna za\u0161titna kapica, 35% tanja u odnosu na standardne za\u0161titne kapice na tr\u017ei\u0161u, jam\u010di vi\u0161e vi\u0161e udobnosti uz moderniji dizajn<br \/>\nTpu-skin\u00ae omogu\u0107ava da se smanji tvrdo\u0107a i debljina \u0111ona, do nevi\u0111enih razmjera, rezultat je: vi\u0161e elasti\u010dnosti i zra\u010dni jastuk efekt<br \/>\nEUR1_dostupan<\/p>","protected":false},"excerpt":{"rendered":"<p>Niska za\u0161titna cipela BASE kolekcije RECORD<\/p>\n<ul>\n<li>Unutra\u0161njost: Smell Stop 100% antibakterijska<\/li>\n<li>Gornji\u0161te: vodootporni tekstil<\/li>\n<li>Umetak: Dry&#8217;n Air prozra\u010dnost<\/li>\n<li>Za\u0161titna kapica: SlimCap kompozitna<\/li>\n<li>\u0110on: relaksiraju\u0107i elasti\u010dni \u0111on dvoslojni TPU + Tpu-Skin, antistatik, protuklizni na keramici i metalu<\/li>\n<li>Tehni\u010dke karakteristike: S3 SRC metal free<\/li>\n<li>Norma: EN ISO 20345:2011<\/li>\n<li>Dostupne veli\u010dine: 36-48<\/li>\n<\/ul>","protected":false},"featured_media":40364,"comment_status":"open","ping_status":"closed","template":"","meta":[],"product_brand":[],"product_cat":[109,110,21],"product_tag":[],"class_list":{"0":"post-40360","1":"product","2":"type-product","3":"status-publish","4":"has-post-thumbnail","6":"product_cat-obuca-zastitna","7":"product_cat-radne-cipele","8":"product_cat-zastitna-odjeca-obuca-oprema","10":"first","11":"instock","12":"taxable","13":"shipping-taxable","14":"purchasable","15":"product-type-simple"},"aioseo_notices":[],"_links":{"self":[{"href":"https:\/\/uni-forma.hr\/en\/wp-json\/wp\/v2\/product\/40360","targetHints":{"allow":["GET"]}}],"collection":[{"href":"https:\/\/uni-forma.hr\/en\/wp-json\/wp\/v2\/product"}],"about":[{"href":"https:\/\/uni-forma.hr\/en\/wp-json\/wp\/v2\/types\/product"}],"replies":[{"embeddable":true,"href":"https:\/\/uni-forma.hr\/en\/wp-json\/wp\/v2\/comments?post=40360"}],"version-history":[{"count":1,"href":"https:\/\/uni-forma.hr\/en\/wp-json\/wp\/v2\/product\/40360\/revisions"}],"predecessor-version":[{"id":40365,"href":"https:\/\/uni-forma.hr\/en\/wp-json\/wp\/v2\/product\/40360\/revisions\/40365"}],"wp:featuredmedia":[{"embeddable":true,"href":"https:\/\/uni-forma.hr\/en\/wp-json\/wp\/v2\/media\/40364"}],"wp:attachment":[{"href":"https:\/\/uni-forma.hr\/en\/wp-json\/wp\/v2\/media?parent=40360"}],"wp:term":[{"taxonomy":"product_brand","embeddable":true,"href":"https:\/\/uni-forma.hr\/en\/wp-json\/wp\/v2\/product_brand?post=40360"},{"taxonomy":"product_cat","embeddable":true,"href":"https:\/\/uni-forma.hr\/en\/wp-json\/wp\/v2\/product_cat?post=40360"},{"taxonomy":"product_tag","embeddable":true,"href":"https:\/\/uni-forma.hr\/en\/wp-json\/wp\/v2\/product_tag?post=40360"}],"curies":[{"name":"wp","href":"https:\/\/api.w.org\/{rel}","templated":true}]}}