{"id":40400,"date":"2025-10-04T15:45:23","date_gmt":"2025-10-04T13:45:23","guid":{"rendered":"https:\/\/uni-forma.hr\/?post_type=product&#038;p=40400"},"modified":"2025-10-04T15:52:52","modified_gmt":"2025-10-04T13:52:52","slug":"atg-rukavica-maxidry-duga-cvrsta-rukavica-26-cm","status":"publish","type":"product","link":"https:\/\/uni-forma.hr\/en\/product\/atg-rukavica-maxidry-duga-cvrsta-rukavica-26-cm\/","title":{"rendered":"ATG rukavica MaxiDry duga \u010dvrsta rukavica 26 cm"},"content":{"rendered":"<p>Radna rukavica koja omogu\u0107uje optimizirani zahvat i vrhunske performanse i spretnost u vla\u017enom i uljastom okru\u017eenju<\/p>","protected":false},"excerpt":{"rendered":"<ul>\n<li class=\"text-justify\">Premaz: potpuno premazana (voza\u010dki stil) vodonepropusnim sinteti\u010dkim nitrilom te preko dlana i prstiju povr\u0161inskim premazom od nitrilne mikropjene, ukupna debljina preko dlana 1.0 mm<\/li>\n<li class=\"text-justify\">Du\u017eina: 26 cm<\/li>\n<li class=\"text-justify\">Boja: ljubi\u010dasta-crna<\/li>\n<li class=\"text-justify\">Dostupne veli\u010dine: 7-11\n<p>Isprobajete\u00a0<a href=\"https:\/\/www.atg-glovesolutions.com\/hr\/glovefinder\" target=\"_blank\" rel=\"noopener\">ATG PRETRA\u017dIVA\u010c<\/a><\/p>\n<p>ATG tehnologije:<br \/>\n<a href=\"https:\/\/www.atg-glovesolutions.com\/hr\/ini-atg-rukavice-druga-ijima#liquitechr\" target=\"_blank\" rel=\"noopener\">LIQUItech\u00ae<\/a><br \/>\n<a href=\"https:\/\/www.atg-glovesolutions.com\/hr\/ini-atg-rukavice-druga-ijima#griptechr\" target=\"_blank\" rel=\"noopener\">GRIPtech\u00ae<\/a><br \/>\n<a href=\"https:\/\/www.atg-glovesolutions.com\/hr\/ini-atg-rukavice-druga-ijima#ergotechr\" target=\"_blank\" rel=\"noopener\">ERGOtech\u00ae<\/a><br \/>\n<a href=\"https:\/\/www.atg-glovesolutions.com\/hr\/ini-atg-rukavice-druga-ijima\" target=\"_blank\" rel=\"noopener\">HandCare\u00ae<\/a><br \/>\nStandardi (norme): EN 420, EN 388 4111, EN 374<\/li>\n<\/ul>","protected":false},"featured_media":40407,"comment_status":"open","ping_status":"closed","template":"","meta":[],"product_brand":[],"product_cat":[116,117,21],"product_tag":[],"class_list":{"0":"post-40400","1":"product","2":"type-product","3":"status-publish","4":"has-post-thumbnail","6":"product_cat-rukavice","7":"product_cat-za-opce-poslove","8":"product_cat-zastitna-odjeca-obuca-oprema","10":"first","11":"instock","12":"taxable","13":"shipping-taxable","14":"purchasable","15":"product-type-variable"},"aioseo_notices":[],"_links":{"self":[{"href":"https:\/\/uni-forma.hr\/en\/wp-json\/wp\/v2\/product\/40400","targetHints":{"allow":["GET"]}}],"collection":[{"href":"https:\/\/uni-forma.hr\/en\/wp-json\/wp\/v2\/product"}],"about":[{"href":"https:\/\/uni-forma.hr\/en\/wp-json\/wp\/v2\/types\/product"}],"replies":[{"embeddable":true,"href":"https:\/\/uni-forma.hr\/en\/wp-json\/wp\/v2\/comments?post=40400"}],"version-history":[{"count":1,"href":"https:\/\/uni-forma.hr\/en\/wp-json\/wp\/v2\/product\/40400\/revisions"}],"predecessor-version":[{"id":40413,"href":"https:\/\/uni-forma.hr\/en\/wp-json\/wp\/v2\/product\/40400\/revisions\/40413"}],"wp:featuredmedia":[{"embeddable":true,"href":"https:\/\/uni-forma.hr\/en\/wp-json\/wp\/v2\/media\/40407"}],"wp:attachment":[{"href":"https:\/\/uni-forma.hr\/en\/wp-json\/wp\/v2\/media?parent=40400"}],"wp:term":[{"taxonomy":"product_brand","embeddable":true,"href":"https:\/\/uni-forma.hr\/en\/wp-json\/wp\/v2\/product_brand?post=40400"},{"taxonomy":"product_cat","embeddable":true,"href":"https:\/\/uni-forma.hr\/en\/wp-json\/wp\/v2\/product_cat?post=40400"},{"taxonomy":"product_tag","embeddable":true,"href":"https:\/\/uni-forma.hr\/en\/wp-json\/wp\/v2\/product_tag?post=40400"}],"curies":[{"name":"wp","href":"https:\/\/api.w.org\/{rel}","templated":true}]}}