{"id":40870,"date":"2025-10-15T19:30:59","date_gmt":"2025-10-15T17:30:59","guid":{"rendered":"https:\/\/uni-forma.hr\/?post_type=product&#038;p=40870"},"modified":"2025-10-15T19:35:25","modified_gmt":"2025-10-15T17:35:25","slug":"flis-vesta-north-tech","status":"publish","type":"product","link":"https:\/\/uni-forma.hr\/en\/product\/flis-vesta-north-tech\/","title":{"rendered":"Flis vesta NORTH TECH"},"content":{"rendered":"<p>Flis vesta NORTH TECH je odli\u010dan izbor kada trebate lagan I topao odjevni predmet. Zatvara se zatvara\u010dem do kraja visokog ovratnika. Poja\u010danja na gornjem dijelu le\u0111a i na rukavima sa vanjske strane. Ima dva donja d\u017eepa i jedan na prsima sa poja\u010danjem.<\/p>","protected":false},"excerpt":{"rendered":"<ul>\n<li>Materijal: polarni flis 250 g\/m2,<\/li>\n<li>100 % polyester<br \/>\nBoja: sivo-crna<\/li>\n<li>Dostupne veli\u010dine: S-XXXL<\/li>\n<\/ul>","protected":false},"featured_media":40877,"comment_status":"open","ping_status":"closed","template":"","meta":[],"product_brand":[],"product_cat":[107,97,21],"product_tag":[],"class_list":{"0":"post-40870","1":"product","2":"type-product","3":"status-publish","4":"has-post-thumbnail","6":"product_cat-odjeca-protiv-hladnoce","7":"product_cat-odjeca-zastitna","8":"product_cat-zastitna-odjeca-obuca-oprema","9":"pa_velicina-l","10":"pa_velicina-m","11":"pa_velicina-s","12":"pa_velicina-xl","13":"pa_velicina-xxl","14":"pa_velicina-xxxl","16":"first","17":"instock","18":"taxable","19":"shipping-taxable","20":"purchasable","21":"product-type-variable"},"aioseo_notices":[],"_links":{"self":[{"href":"https:\/\/uni-forma.hr\/en\/wp-json\/wp\/v2\/product\/40870","targetHints":{"allow":["GET"]}}],"collection":[{"href":"https:\/\/uni-forma.hr\/en\/wp-json\/wp\/v2\/product"}],"about":[{"href":"https:\/\/uni-forma.hr\/en\/wp-json\/wp\/v2\/types\/product"}],"replies":[{"embeddable":true,"href":"https:\/\/uni-forma.hr\/en\/wp-json\/wp\/v2\/comments?post=40870"}],"version-history":[{"count":1,"href":"https:\/\/uni-forma.hr\/en\/wp-json\/wp\/v2\/product\/40870\/revisions"}],"predecessor-version":[{"id":40885,"href":"https:\/\/uni-forma.hr\/en\/wp-json\/wp\/v2\/product\/40870\/revisions\/40885"}],"wp:featuredmedia":[{"embeddable":true,"href":"https:\/\/uni-forma.hr\/en\/wp-json\/wp\/v2\/media\/40877"}],"wp:attachment":[{"href":"https:\/\/uni-forma.hr\/en\/wp-json\/wp\/v2\/media?parent=40870"}],"wp:term":[{"taxonomy":"product_brand","embeddable":true,"href":"https:\/\/uni-forma.hr\/en\/wp-json\/wp\/v2\/product_brand?post=40870"},{"taxonomy":"product_cat","embeddable":true,"href":"https:\/\/uni-forma.hr\/en\/wp-json\/wp\/v2\/product_cat?post=40870"},{"taxonomy":"product_tag","embeddable":true,"href":"https:\/\/uni-forma.hr\/en\/wp-json\/wp\/v2\/product_tag?post=40870"}],"curies":[{"name":"wp","href":"https:\/\/api.w.org\/{rel}","templated":true}]}}