{"id":40902,"date":"2025-10-15T19:45:20","date_gmt":"2025-10-15T17:45:20","guid":{"rendered":"https:\/\/uni-forma.hr\/?post_type=product&#038;p=40902"},"modified":"2025-10-15T19:50:12","modified_gmt":"2025-10-15T17:50:12","slug":"radni-prsluk-zimski-north-tech","status":"publish","type":"product","link":"https:\/\/uni-forma.hr\/en\/product\/radni-prsluk-zimski-north-tech\/","title":{"rendered":"Radni prsluk zimski NORTH TECH"},"content":{"rendered":"<p>Zimski radni prsluk sa vi\u0161e funkcionalnih d\u017eepova. Zatvara se skrivenim patent zatvara\u010dem s \u010di\u010dak trakom. Kroj je klasi\u010dan i dobro pristaje svima.<\/p>","protected":false},"excerpt":{"rendered":"<ul>\n<li>Materijal: 60% pamuk, 40% poliester, 245 g\/m2<\/li>\n<li>Utopljenje: 100% poliester<\/li>\n<li>Odr\u017eavanje: pranje u perilici rublja 60\u00b0C<\/li>\n<li>Veli\u010dina: S-XXXL<\/li>\n<\/ul>","protected":false},"featured_media":40909,"comment_status":"open","ping_status":"closed","template":"","meta":[],"product_brand":[],"product_cat":[97,101,21],"product_tag":[],"class_list":{"0":"post-40902","1":"product","2":"type-product","3":"status-publish","4":"has-post-thumbnail","6":"product_cat-odjeca-zastitna","7":"product_cat-radni-prsluci","8":"product_cat-zastitna-odjeca-obuca-oprema","9":"pa_velicina-l","10":"pa_velicina-m","11":"pa_velicina-s","12":"pa_velicina-xl","13":"pa_velicina-xxl","14":"pa_velicina-xxxl","16":"first","17":"instock","18":"taxable","19":"shipping-taxable","20":"purchasable","21":"product-type-variable"},"aioseo_notices":[],"_links":{"self":[{"href":"https:\/\/uni-forma.hr\/en\/wp-json\/wp\/v2\/product\/40902","targetHints":{"allow":["GET"]}}],"collection":[{"href":"https:\/\/uni-forma.hr\/en\/wp-json\/wp\/v2\/product"}],"about":[{"href":"https:\/\/uni-forma.hr\/en\/wp-json\/wp\/v2\/types\/product"}],"replies":[{"embeddable":true,"href":"https:\/\/uni-forma.hr\/en\/wp-json\/wp\/v2\/comments?post=40902"}],"version-history":[{"count":1,"href":"https:\/\/uni-forma.hr\/en\/wp-json\/wp\/v2\/product\/40902\/revisions"}],"predecessor-version":[{"id":40916,"href":"https:\/\/uni-forma.hr\/en\/wp-json\/wp\/v2\/product\/40902\/revisions\/40916"}],"wp:featuredmedia":[{"embeddable":true,"href":"https:\/\/uni-forma.hr\/en\/wp-json\/wp\/v2\/media\/40909"}],"wp:attachment":[{"href":"https:\/\/uni-forma.hr\/en\/wp-json\/wp\/v2\/media?parent=40902"}],"wp:term":[{"taxonomy":"product_brand","embeddable":true,"href":"https:\/\/uni-forma.hr\/en\/wp-json\/wp\/v2\/product_brand?post=40902"},{"taxonomy":"product_cat","embeddable":true,"href":"https:\/\/uni-forma.hr\/en\/wp-json\/wp\/v2\/product_cat?post=40902"},{"taxonomy":"product_tag","embeddable":true,"href":"https:\/\/uni-forma.hr\/en\/wp-json\/wp\/v2\/product_tag?post=40902"}],"curies":[{"name":"wp","href":"https:\/\/api.w.org\/{rel}","templated":true}]}}