{"id":40917,"date":"2025-10-15T19:51:27","date_gmt":"2025-10-15T17:51:27","guid":{"rendered":"https:\/\/uni-forma.hr\/?post_type=product&#038;p=40917"},"modified":"2025-10-15T20:01:31","modified_gmt":"2025-10-15T18:01:31","slug":"jakna-sumi","status":"publish","type":"product","link":"https:\/\/uni-forma.hr\/en\/product\/jakna-sumi\/","title":{"rendered":"Jakna SUMI"},"content":{"rendered":"<p>SUMI lagana zimska jakna s patentiranom termalnom tehnologijom.<\/p>","protected":false},"excerpt":{"rendered":"<ul>\n<li>4 d\u017eepa (1 d\u017eep na prsima od SOFTSHELL tkanine s patent zatvara\u010dem,<\/li>\n<li>2 vertikalna d\u017eepa u\u0161ivena u \u0161avove sa kontrastnim patent zatvara\u010dem i 1 unutarnji d\u017eep s Velcro \u010di\u010dkom)<\/li>\n<li>Visoki flis ovratnik<\/li>\n<li>Zatvara se patent zatvara\u010dem<\/li>\n<li>Na dnu rukava i bo\u010dno SOFTSHELL poja\u010danja<\/li>\n<li>Poja\u010danja na ramenima sa reflektiraju\u0107im detaljima<\/li>\n<li>Vanjski materijal: 100 % Naylon RIPSTOP (2,5 mm) 40 g\/m2<\/li>\n<li>Podstava: 100% Naylon 75 g\/m2<\/li>\n<li>Punjenje: 100% Poliester 180 g\/m2 (tijelo) + 100% Poliester 80 g\/m2 (rukavi) &#8211; Patentirana termalna tehnologija\u00ae<\/li>\n<li>Poja\u010danja: troslojni SOFTSHELL (100% Priorodni strech poliester + TPU membrane + Flis 230 g\/m2)<\/li>\n<li>Veli\u010dina: S-XXXL<\/li>\n<\/ul>","protected":false},"featured_media":40930,"comment_status":"open","ping_status":"closed","template":"","meta":[],"product_brand":[],"product_cat":[107,97,21],"product_tag":[],"class_list":{"0":"post-40917","1":"product","2":"type-product","3":"status-publish","4":"has-post-thumbnail","6":"product_cat-odjeca-protiv-hladnoce","7":"product_cat-odjeca-zastitna","8":"product_cat-zastitna-odjeca-obuca-oprema","9":"pa_velicina-l","10":"pa_velicina-m","11":"pa_velicina-s","12":"pa_velicina-xl","13":"pa_velicina-xxl","14":"pa_velicina-xxxl","16":"first","17":"instock","18":"taxable","19":"shipping-taxable","20":"purchasable","21":"product-type-variable"},"aioseo_notices":[],"_links":{"self":[{"href":"https:\/\/uni-forma.hr\/en\/wp-json\/wp\/v2\/product\/40917","targetHints":{"allow":["GET"]}}],"collection":[{"href":"https:\/\/uni-forma.hr\/en\/wp-json\/wp\/v2\/product"}],"about":[{"href":"https:\/\/uni-forma.hr\/en\/wp-json\/wp\/v2\/types\/product"}],"replies":[{"embeddable":true,"href":"https:\/\/uni-forma.hr\/en\/wp-json\/wp\/v2\/comments?post=40917"}],"version-history":[{"count":1,"href":"https:\/\/uni-forma.hr\/en\/wp-json\/wp\/v2\/product\/40917\/revisions"}],"predecessor-version":[{"id":40931,"href":"https:\/\/uni-forma.hr\/en\/wp-json\/wp\/v2\/product\/40917\/revisions\/40931"}],"wp:featuredmedia":[{"embeddable":true,"href":"https:\/\/uni-forma.hr\/en\/wp-json\/wp\/v2\/media\/40930"}],"wp:attachment":[{"href":"https:\/\/uni-forma.hr\/en\/wp-json\/wp\/v2\/media?parent=40917"}],"wp:term":[{"taxonomy":"product_brand","embeddable":true,"href":"https:\/\/uni-forma.hr\/en\/wp-json\/wp\/v2\/product_brand?post=40917"},{"taxonomy":"product_cat","embeddable":true,"href":"https:\/\/uni-forma.hr\/en\/wp-json\/wp\/v2\/product_cat?post=40917"},{"taxonomy":"product_tag","embeddable":true,"href":"https:\/\/uni-forma.hr\/en\/wp-json\/wp\/v2\/product_tag?post=40917"}],"curies":[{"name":"wp","href":"https:\/\/api.w.org\/{rel}","templated":true}]}}