{"id":40989,"date":"2025-10-15T20:25:08","date_gmt":"2025-10-15T18:25:08","guid":{"rendered":"https:\/\/uni-forma.hr\/?post_type=product&#038;p=40989"},"modified":"2026-02-13T18:31:41","modified_gmt":"2026-02-13T17:31:41","slug":"ripstop-prsluk-azuki","status":"publish","type":"product","link":"https:\/\/uni-forma.hr\/en\/product\/ripstop-prsluk-azuki\/","title":{"rendered":"Ripstop prsluk AZUKI"},"content":{"rendered":"<p data-start=\"154\" data-end=\"434\">Prakti\u010dan i udoban <strong data-start=\"195\" data-end=\"232\">ZUKI vodonepropusni zimski prsluk<\/strong> izra\u0111en je od izdr\u017eljivog <strong data-start=\"259\" data-end=\"296\">RIPSTOP materijala s PVC premazom<\/strong>, koji osigurava za\u0161titu od ki\u0161e, vjetra i hladno\u0107e. Idealan je za radne uvjete u kojima je potrebna toplina uz potpunu slobodu pokreta.<\/p>\n<p data-start=\"436\" data-end=\"565\">Prsluk ima <strong data-start=\"447\" data-end=\"479\">vodonepropusne varene \u0161avove<\/strong> te <strong data-start=\"483\" data-end=\"503\">OXFORD poja\u010danja<\/strong> na donjem dijelu, \u0161to mu daje dodatnu otpornost i trajnost.<\/p>","protected":false},"excerpt":{"rendered":"<ul>\n<li data-start=\"583\" data-end=\"609\">5 funkcionalnih d\u017eepova:<\/li>\n<li data-start=\"614\" data-end=\"699\">1 prsni d\u017eep od OXFORD tkanine s vodootpornim reflektiraju\u0107im patent zatvara\u010dem<\/li>\n<li data-start=\"704\" data-end=\"736\">2 vertikalna d\u017eepa s preklopom<\/li>\n<li data-start=\"741\" data-end=\"780\">2 unutarnja d\u017eepa s Velcro \u010di\u010dkom<\/li>\n<li data-start=\"783\" data-end=\"839\">Visoki flis ovratnik za dodatnu toplinu i udobnost<\/li>\n<li data-start=\"842\" data-end=\"895\">Zatvaranje patent zatvara\u010dem s Velcro preklopom<\/li>\n<li data-start=\"898\" data-end=\"945\">OXFORD poja\u010danja na donjem dijelu prsluka<\/li>\n<li data-start=\"948\" data-end=\"994\">Prilagodljivi pojas s elasti\u010dnim vrpcama<\/li>\n<li data-start=\"997\" data-end=\"1029\">Vodonepropusni vareni \u0161avovi<\/li>\n<\/ul>\n<p><strong>Materials<\/strong>:<\/p>\n<ul>\n<li data-start=\"1049\" data-end=\"1132\">Vanjski materijal: RIPSTOP (5 mm) \u2013 100 % poliester s PVC premazom (300 g\/m\u00b2)<\/li>\n<li data-start=\"1135\" data-end=\"1182\">Podstava: 100 % poliester flis (300 g\/m\u00b2)<\/li>\n<li data-start=\"1185\" data-end=\"1227\">Punjenje: 100 % poliester (180 g\/m\u00b2)<\/li>\n<li data-start=\"1230\" data-end=\"1284\">Poja\u010danja i detalji: OXFORD 100 % poliester 300D<\/li>\n<li data-start=\"1286\" data-end=\"1310\">Veli\u010dine: S \u2013 XXXL<\/li>\n<\/ul>","protected":false},"featured_media":41002,"comment_status":"open","ping_status":"closed","template":"","meta":[],"product_brand":[],"product_cat":[106,97,21],"product_tag":[],"class_list":{"0":"post-40989","1":"product","2":"type-product","3":"status-publish","4":"has-post-thumbnail","6":"product_cat-odjeca-za-kisu","7":"product_cat-odjeca-zastitna","8":"product_cat-zastitna-odjeca-obuca-oprema","9":"pa_velicina-l","10":"pa_velicina-m","11":"pa_velicina-s","12":"pa_velicina-xl","13":"pa_velicina-xxl","14":"pa_velicina-xxxl","16":"first","17":"instock","18":"taxable","19":"shipping-taxable","20":"purchasable","21":"product-type-variable"},"aioseo_notices":[],"_links":{"self":[{"href":"https:\/\/uni-forma.hr\/en\/wp-json\/wp\/v2\/product\/40989","targetHints":{"allow":["GET"]}}],"collection":[{"href":"https:\/\/uni-forma.hr\/en\/wp-json\/wp\/v2\/product"}],"about":[{"href":"https:\/\/uni-forma.hr\/en\/wp-json\/wp\/v2\/types\/product"}],"replies":[{"embeddable":true,"href":"https:\/\/uni-forma.hr\/en\/wp-json\/wp\/v2\/comments?post=40989"}],"version-history":[{"count":1,"href":"https:\/\/uni-forma.hr\/en\/wp-json\/wp\/v2\/product\/40989\/revisions"}],"predecessor-version":[{"id":41009,"href":"https:\/\/uni-forma.hr\/en\/wp-json\/wp\/v2\/product\/40989\/revisions\/41009"}],"wp:featuredmedia":[{"embeddable":true,"href":"https:\/\/uni-forma.hr\/en\/wp-json\/wp\/v2\/media\/41002"}],"wp:attachment":[{"href":"https:\/\/uni-forma.hr\/en\/wp-json\/wp\/v2\/media?parent=40989"}],"wp:term":[{"taxonomy":"product_brand","embeddable":true,"href":"https:\/\/uni-forma.hr\/en\/wp-json\/wp\/v2\/product_brand?post=40989"},{"taxonomy":"product_cat","embeddable":true,"href":"https:\/\/uni-forma.hr\/en\/wp-json\/wp\/v2\/product_cat?post=40989"},{"taxonomy":"product_tag","embeddable":true,"href":"https:\/\/uni-forma.hr\/en\/wp-json\/wp\/v2\/product_tag?post=40989"}],"curies":[{"name":"wp","href":"https:\/\/api.w.org\/{rel}","templated":true}]}}